{"id":6444,"date":"2018-07-23T08:57:22","date_gmt":"2018-07-23T06:57:22","guid":{"rendered":"https:\/\/www.ro-spain.com\/entorno\/buy-houses-and-apartments-in-torrevieja\/"},"modified":"2019-06-10T13:15:55","modified_gmt":"2019-06-10T11:15:55","slug":"comprar-casas-y-apartamentos-en-torrevieja","status":"publish","type":"page","link":"https:\/\/www.ro-spain.com\/es\/entorno\/comprar-casas-y-apartamentos-en-torrevieja\/","title":{"rendered":"Comprar casas y apartamentos en Torrevieja"},"content":{"rendered":"<div class=\"wpb-content-wrapper\"><p>[vc_row][vc_column css_animation=\u00bbnone\u00bb][vc_column_text]Torrevieja es un pueblo costero en el Mar Mediterr\u00e1neo, a s\u00f3lo 40 minutos en coche de la ciudad de Alicante. Torrevieja significa literalmente \u00abTorre Vieja\u00bb. La ciudad tiene m\u00e1s de 200.000 habitantes. Pero en temporada alta esta cifra puede multiplicarse por cinco.<\/p>\n<p>La fuente de ingresos m\u00e1s importante para Torrevieja sol\u00eda ser la producci\u00f3n de sal de las Salinas de Torrevieja, sin embargo, hoy en d\u00eda es el turismo. Es un destino de vacaciones muy popular, tanto para los europeos como los espa\u00f1oles.<\/p>\n<div id=\"attachment_304\" style=\"width: 510px\" class=\"wp-caption alignright\"><img decoding=\"async\" aria-describedby=\"caption-attachment-304\" src=\"http:\/\/www.ro-spain.com\/wp-content\/uploads\/2018\/07\/torrevieja.jpg\" alt=\"Torrevieja\" width=\"500\" \/><p id=\"caption-attachment-304\" class=\"wp-caption-text\">Torrevieja<\/p><\/div>\n<p>Cada vez m\u00e1s holandeses y belgas compran su segunda casa en Espa\u00f1a, ya que actualmente es el pa\u00eds m\u00e1s interesante para encontrar una casa asequible y con tantos beneficios.<\/p>\n<p>Mucha gente elige comprar una casa en Torrevieja porque es un im\u00e1n para los turistas de Espa\u00f1a y del extranjero.<\/p>\n<p>La Mata se encuentra al norte de Torrevieja y tiene hermosas playas. Comprar un apartamento aqu\u00ed tambi\u00e9n es una buena inversi\u00f3n considerando la ocupaci\u00f3n por parte de los turistas todos el a\u00f1o.<\/p>\n<p>Al sur de Torrevieja se encuentra la localidad de Orihuela Costa, que se subdivide en los barrios Punta Prima, Playa Flamenca, Villamart\u00edn, Dehesa de Campoamor, Cabo Roig y Milpalmeras. Aqu\u00ed hay hermosas playas que son elogiadas con banderas azules por la calidad de las playas y puertos.<br \/>\nEn un radio de 20 minutos, hay m\u00e1s de 20 campos de golf, muy conocidos por su calidad y diversidad.<\/p>\n<p>Los inversores que buscan un apartamento o casa asequible cerca del mar, campos de golf y todos los servicios, y que adem\u00e1s quieren sacarle rendimiento a un alquiler, muy a menudo optan por comprar un apartamento en Orihuela Costa, La Mata o Torrevieja.<\/p>\n<p>El aeropuerto de Alicante est\u00e1 a 53 kil\u00f3metros y el aeropuerto internacional de San Javier (Murcia) est\u00e1 a solo 25 minutos.<\/p>\n<p>Adem\u00e1s, gracias a los lagos salados, la cordillera que se extiende desde Altea a Cartagena y el clima mediterr\u00e1neo, esta \u00e1rea tiene un microclima, por lo que las personas que sufren de reumatismo o artritis sufren menos de esto y, en algunos casos, no tienen que tomar ning\u00fan medicamento. .<\/p>\n<p>No en vano, este lugar ha sido declarado por la Organizaci\u00f3n Mundial de la Salud (OMS) como uno de los lugares m\u00e1s saludables del mundo.[\/vc_column_text][\/vc_column][\/vc_row][vc_row][vc_column]<div id=\"ere_shortcode_1\"  class=\"ere_latest_properties_ajax ere_ele_property_ajax_target\"><div class=\"home-properties-section-inner-target\"><div class=\"grid-layout property-grid inspiry-shortcode\"><div class=\"list-container rh_shortcode_cols_2 clearfix\"><article class=\"rh_prop_card rh_prop_card--listing\">\n    <div class=\"rh_prop_card__wrap\">\n\t\t            <div class=\"rh_label rh_label__property_grid\">\n                <div class=\"rh_label__wrap\">\n\t\t\t\t\tFeatured                    <span><\/span>\n                <\/div>\n            <\/div><!-- \/.rh_label -->\n\t\t\n        <figure class=\"rh_prop_card__thumbnail\">\n            <div class=\"rh_figure_property_one\">\n                <a href=\"https:\/\/www.ro-spain.com\/es\/property\/maravillosa-villa-independiente-en-dolores\/\">\n\t\t\t\t\t<img loading=\"lazy\" decoding=\"async\" width=\"680\" height=\"510\" src=\"https:\/\/www.ro-spain.com\/wp-content\/uploads\/2024\/01\/3-Paris-VII-Exterior-2-680x510.jpg\" class=\"attachment-modern-property-child-slider size-modern-property-child-slider wp-post-image\" alt=\"\" \/>                <\/a>\n\n                <div class=\"rh_overlay\"><\/div>\n                <div class=\"rh_overlay__contents rh_overlay__fadeIn-bottom\">\n                    <a href=\"https:\/\/www.ro-spain.com\/es\/property\/maravillosa-villa-independiente-en-dolores\/\">View Property<\/a>\n                <\/div>\n                <!-- \/.rh_overlay__contents -->\n\n\t\t\t\t            <\/div>\n\n            <!-- Property views counter -->\n\t        \n            <div class=\"rh_prop_card__btns\">\n\t\t\t\t                    <span class=\"favorite-btn-wrap favorite-btn-106232\">\n\t\t\t\t\t\t\t<span class=\"favorite-placeholder highlight__red hide user_not_logged_in\" data-propertyid=\"106232\"  data-tooltip=\"Agregado a Favoritos\" >\n\t\t\t\t\t\t\t\t<svg xmlns=\"http:\/\/www.w3.org\/2000\/svg\" width=\"24\" height=\"24\" viewBox=\"0 0 24 21\">\n  <path class=\"rh_svg\" d=\"M1089.48,1923.98a6.746,6.746,0,0,1,9.54,9.54L1089,1943l-10.02-9.48a6.746,6.746,0,0,1,9.54-9.54A0.641,0.641,0,0,0,1089.48,1923.98Z\" transform=\"translate(-1077 -1922)\"\/>\n<\/svg>\t\t\t\t\t\t\t<\/span>\n\t\t\t\t\t\t\t<a href=\"#\" class=\"favorite add-to-favorite user_not_logged_in\" data-propertyid=\"106232\"  data-tooltip=\"Agregar a favoritos\" >\n\t\t\t\t\t\t\t\t<svg xmlns=\"http:\/\/www.w3.org\/2000\/svg\" width=\"24\" height=\"24\" viewBox=\"0 0 24 21\">\n  <path class=\"rh_svg\" d=\"M1089.48,1923.98a6.746,6.746,0,0,1,9.54,9.54L1089,1943l-10.02-9.48a6.746,6.746,0,0,1,9.54-9.54A0.641,0.641,0,0,0,1089.48,1923.98Z\" transform=\"translate(-1077 -1922)\"\/>\n<\/svg>\t\t\t\t\t\t\t<\/a>\n\t\t\t\t\t\t<\/span>\n\t\t\t\t\t            <\/div>\n            <!-- \/.rh_prop_card__btns -->\n        <\/figure>\n        <!-- \/.rh_prop_card__thumbnail -->\n\n        <div class=\"rh_prop_card__details\">\n            <h3><a href=\"https:\/\/www.ro-spain.com\/es\/property\/maravillosa-villa-independiente-en-dolores\/\">Maravillosa villa independiente en Dolores<\/a><\/h3>\n\t\t\t            <p class=\"rh_prop_card__excerpt\">Estas&hellip;<\/p>\n            <div class=\"rh_prop_card__meta_wrap\">\n\t\t\t\t    <div class=\"rh_prop_card_meta_theme_stylish\">\n\t\t            <div class=\"rh_prop_card__meta\">\n\t\t\t\t                    <span class=\"rh_meta_titles\">Habitaciones<\/span>\n\t\t\t\t\t                <div class=\"rh_meta_icon_wrapper\">\n\t\t\t\t\t<svg class=\"rh_svg\" xmlns=\"http:\/\/www.w3.org\/2000\/svg\" width=\"24\" height=\"24\" viewBox=\"0 0 24 24\">\n <defs>\n  <\/defs>\n  <path d=\"M1111.91,600.993h16.17a2.635,2.635,0,0,1,2.68,1.773l1.21,11.358a2.456,2.456,0,0,1-2.61,2.875h-18.73a2.46,2.46,0,0,1-2.61-2.875l1.21-11.358A2.635,2.635,0,0,1,1111.91,600.993Zm0.66-7.994h3.86c1.09,0,2.57.135,2.57,1l0.01,3.463c0.14,0.838-1.72,1.539-2.93,1.539h-4.17c-1.21,0-2.07-.7-1.92-1.539l0.37-3.139A2.146,2.146,0,0,1,1112.57,593Zm11,0h3.86a2.123,2.123,0,0,1,2.2,1.325l0.38,3.139c0.14,0.838-.72,1.539-1.93,1.539h-5.17c-1.21,0-2.07-.7-1.92-1.539L1121,594C1121,593.1,1122.48,593,1123.57,593Z\" transform=\"translate(-1108 -593)\"\/>\n<\/svg>\n                    <span class=\"figure\">\n                        3                    <\/span>\n\t\t\t\t\t                <\/div>\n            <\/div>\n\t\t\t            <div class=\"rh_prop_card__meta\">\n\t\t\t\t                    <span class=\"rh_meta_titles\">Cuartos de ba\u00f1o<\/span>\n\t\t\t\t\t                <div class=\"rh_meta_icon_wrapper\">\n\t\t\t\t\t<svg class=\"rh_svg\" xmlns=\"http:\/\/www.w3.org\/2000\/svg\" width=\"23.69\" height=\"24\" viewBox=\"0 0 23.69 24\">\n  <path d=\"M1204,601a8,8,0,0,1,16,0v16h-2V601a6,6,0,0,0-12,0v1h-2v-1Zm7,6a6,6,0,0,0-12,0h12Zm-6,2a1,1,0,0,1,1,1v1a1,1,0,0,1-2,0v-1A1,1,0,0,1,1205,609Zm0,5a1,1,0,0,1,1,1v1a1,1,0,0,1-2,0v-1A1,1,0,0,1,1205,614Zm4.94-5.343a1,1,0,0,1,1.28.6l0.69,0.878a1,1,0,0,1-1.88.685l-0.69-.879A1,1,0,0,1,1209.94,608.657Zm2.05,4.638a1,1,0,0,1,1.28.6l0.35,0.94a1.008,1.008,0,0,1-.6,1.282,1,1,0,0,1-1.28-.6l-0.35-.939A1.008,1.008,0,0,1,1211.99,613.295Zm-11.93-4.638a1,1,0,0,1,.6,1.282l-0.69.879a1,1,0,1,1-1.87-.682l0.68-.88A1,1,0,0,1,1200.06,608.657Zm-2.05,4.639a1,1,0,0,1,.6,1.281l-0.34.941a1,1,0,0,1-1.88-.683l0.34-.94A1,1,0,0,1,1198.01,613.3Z\" transform=\"translate(-1196.31 -593)\"\/>\n<\/svg>\n                    <span class=\"figure\">\n                        3                    <\/span>\n\t\t\t\t\t                <\/div>\n            <\/div>\n\t\t\t            <div class=\"rh_prop_card__meta\">\n\t\t\t\t                    <span class=\"rh_meta_titles\">\u00c1rea<\/span>\n\t\t\t\t\t                <div class=\"rh_meta_icon_wrapper\">\n\t\t\t\t\t<svg class=\"rh_svg\" version=\"1.1\" xmlns=\"http:\/\/www.w3.org\/2000\/svg\" xmlns:xlink=\"http:\/\/www.w3.org\/1999\/xlink\" x=\"0px\" y=\"0px\"\n\t width=\"24px\" height=\"24px\" viewBox=\"0 0 24 24\" enable-background=\"new 0 0 24 24\" xml:space=\"preserve\">\n<g>\n\t<circle cx=\"2\" cy=\"2\" r=\"2\"\/>\n<\/g>\n<g>\n\t<circle cx=\"2\" cy=\"22\" r=\"2\"\/>\n<\/g>\n<g>\n\t<circle cx=\"22\" cy=\"2\" r=\"2\"\/>\n<\/g>\n<rect x=\"1\" y=\"1\" width=\"2\" height=\"22\"\/>\n<rect x=\"1\" y=\"1\" width=\"22\" height=\"2\"\/>\n<path opacity=\"0.5\" d=\"M23,20.277V1h-2v19.277C20.7,20.452,20.452,20.7,20.277,21H1v2h19.277c0.347,0.596,0.984,1,1.723,1\n\tc1.104,0,2-0.896,2-2C24,21.262,23.596,20.624,23,20.277z\"\/>\n<\/svg>\n                    <span class=\"figure\">\n                        144                    <\/span>\n\t\t\t\t\t                            <span class=\"label\">m2<\/span>\n\t\t\t\t\t\t\t                <\/div>\n            <\/div>\n\t\t\t    <\/div>\n\t            <\/div><!-- \/.rh_prop_card__meta_wrap -->\n\n\t\t\t                <div class=\"rh_prop_card__priceLabel\">\n                    <span class=\"rh_prop_card__status\">Nueva construcci\u00f3n<\/span>\n                    <p class=\"rh_prop_card__price\">\n\t\t\t\t\t\t \u20ac415.000                     <\/p>\n                <\/div>\n                <!-- \/.rh_prop_card__priceLabel -->\n\t\t\t        <\/div>\n        <!-- \/.rh_prop_card__details -->\n\n    <\/div>\n    <!-- \/.rh_prop_card__wrap -->\n\n<\/article><!-- \/.rh_prop_card --><article class=\"rh_prop_card rh_prop_card--listing\">\n    <div class=\"rh_prop_card__wrap\">\n\t\t            <div class=\"rh_label rh_label__property_grid\">\n                <div class=\"rh_label__wrap\">\n\t\t\t\t\tFeatured                    <span><\/span>\n                <\/div>\n            <\/div><!-- \/.rh_label -->\n\t\t\n        <figure class=\"rh_prop_card__thumbnail\">\n            <div class=\"rh_figure_property_one\">\n                <a href=\"https:\/\/www.ro-spain.com\/es\/property\/villas-independientes-en-los-alcazares-murcia\/\">\n\t\t\t\t\t<img loading=\"lazy\" decoding=\"async\" width=\"680\" height=\"510\" src=\"https:\/\/www.ro-spain.com\/wp-content\/uploads\/2023\/12\/3-4-680x510.jpg\" class=\"attachment-modern-property-child-slider size-modern-property-child-slider wp-post-image\" alt=\"\" \/>                <\/a>\n\n                <div class=\"rh_overlay\"><\/div>\n                <div class=\"rh_overlay__contents rh_overlay__fadeIn-bottom\">\n                    <a href=\"https:\/\/www.ro-spain.com\/es\/property\/villas-independientes-en-los-alcazares-murcia\/\">View Property<\/a>\n                <\/div>\n                <!-- \/.rh_overlay__contents -->\n\n\t\t\t\t            <\/div>\n\n            <!-- Property views counter -->\n\t        \n            <div class=\"rh_prop_card__btns\">\n\t\t\t\t                    <span class=\"favorite-btn-wrap favorite-btn-105953\">\n\t\t\t\t\t\t\t<span class=\"favorite-placeholder highlight__red hide user_not_logged_in\" data-propertyid=\"105953\"  data-tooltip=\"Agregado a Favoritos\" >\n\t\t\t\t\t\t\t\t<svg xmlns=\"http:\/\/www.w3.org\/2000\/svg\" width=\"24\" height=\"24\" viewBox=\"0 0 24 21\">\n  <path class=\"rh_svg\" d=\"M1089.48,1923.98a6.746,6.746,0,0,1,9.54,9.54L1089,1943l-10.02-9.48a6.746,6.746,0,0,1,9.54-9.54A0.641,0.641,0,0,0,1089.48,1923.98Z\" transform=\"translate(-1077 -1922)\"\/>\n<\/svg>\t\t\t\t\t\t\t<\/span>\n\t\t\t\t\t\t\t<a href=\"#\" class=\"favorite add-to-favorite user_not_logged_in\" data-propertyid=\"105953\"  data-tooltip=\"Agregar a favoritos\" >\n\t\t\t\t\t\t\t\t<svg xmlns=\"http:\/\/www.w3.org\/2000\/svg\" width=\"24\" height=\"24\" viewBox=\"0 0 24 21\">\n  <path class=\"rh_svg\" d=\"M1089.48,1923.98a6.746,6.746,0,0,1,9.54,9.54L1089,1943l-10.02-9.48a6.746,6.746,0,0,1,9.54-9.54A0.641,0.641,0,0,0,1089.48,1923.98Z\" transform=\"translate(-1077 -1922)\"\/>\n<\/svg>\t\t\t\t\t\t\t<\/a>\n\t\t\t\t\t\t<\/span>\n\t\t\t\t\t            <\/div>\n            <!-- \/.rh_prop_card__btns -->\n        <\/figure>\n        <!-- \/.rh_prop_card__thumbnail -->\n\n        <div class=\"rh_prop_card__details\">\n            <h3><a href=\"https:\/\/www.ro-spain.com\/es\/property\/villas-independientes-en-los-alcazares-murcia\/\">Villas independientes en Los Alc\u00e1zares, Murcia<\/a><\/h3>\n\t\t\t            <p class=\"rh_prop_card__excerpt\">Villas&hellip;<\/p>\n            <div class=\"rh_prop_card__meta_wrap\">\n\t\t\t\t    <div class=\"rh_prop_card_meta_theme_stylish\">\n\t\t            <div class=\"rh_prop_card__meta\">\n\t\t\t\t                    <span class=\"rh_meta_titles\">Habitaciones<\/span>\n\t\t\t\t\t                <div class=\"rh_meta_icon_wrapper\">\n\t\t\t\t\t<svg class=\"rh_svg\" xmlns=\"http:\/\/www.w3.org\/2000\/svg\" width=\"24\" height=\"24\" viewBox=\"0 0 24 24\">\n <defs>\n  <\/defs>\n  <path d=\"M1111.91,600.993h16.17a2.635,2.635,0,0,1,2.68,1.773l1.21,11.358a2.456,2.456,0,0,1-2.61,2.875h-18.73a2.46,2.46,0,0,1-2.61-2.875l1.21-11.358A2.635,2.635,0,0,1,1111.91,600.993Zm0.66-7.994h3.86c1.09,0,2.57.135,2.57,1l0.01,3.463c0.14,0.838-1.72,1.539-2.93,1.539h-4.17c-1.21,0-2.07-.7-1.92-1.539l0.37-3.139A2.146,2.146,0,0,1,1112.57,593Zm11,0h3.86a2.123,2.123,0,0,1,2.2,1.325l0.38,3.139c0.14,0.838-.72,1.539-1.93,1.539h-5.17c-1.21,0-2.07-.7-1.92-1.539L1121,594C1121,593.1,1122.48,593,1123.57,593Z\" transform=\"translate(-1108 -593)\"\/>\n<\/svg>\n                    <span class=\"figure\">\n                        3                    <\/span>\n\t\t\t\t\t                <\/div>\n            <\/div>\n\t\t\t            <div class=\"rh_prop_card__meta\">\n\t\t\t\t                    <span class=\"rh_meta_titles\">Cuartos de ba\u00f1o<\/span>\n\t\t\t\t\t                <div class=\"rh_meta_icon_wrapper\">\n\t\t\t\t\t<svg class=\"rh_svg\" xmlns=\"http:\/\/www.w3.org\/2000\/svg\" width=\"23.69\" height=\"24\" viewBox=\"0 0 23.69 24\">\n  <path d=\"M1204,601a8,8,0,0,1,16,0v16h-2V601a6,6,0,0,0-12,0v1h-2v-1Zm7,6a6,6,0,0,0-12,0h12Zm-6,2a1,1,0,0,1,1,1v1a1,1,0,0,1-2,0v-1A1,1,0,0,1,1205,609Zm0,5a1,1,0,0,1,1,1v1a1,1,0,0,1-2,0v-1A1,1,0,0,1,1205,614Zm4.94-5.343a1,1,0,0,1,1.28.6l0.69,0.878a1,1,0,0,1-1.88.685l-0.69-.879A1,1,0,0,1,1209.94,608.657Zm2.05,4.638a1,1,0,0,1,1.28.6l0.35,0.94a1.008,1.008,0,0,1-.6,1.282,1,1,0,0,1-1.28-.6l-0.35-.939A1.008,1.008,0,0,1,1211.99,613.295Zm-11.93-4.638a1,1,0,0,1,.6,1.282l-0.69.879a1,1,0,1,1-1.87-.682l0.68-.88A1,1,0,0,1,1200.06,608.657Zm-2.05,4.639a1,1,0,0,1,.6,1.281l-0.34.941a1,1,0,0,1-1.88-.683l0.34-.94A1,1,0,0,1,1198.01,613.3Z\" transform=\"translate(-1196.31 -593)\"\/>\n<\/svg>\n                    <span class=\"figure\">\n                        2                    <\/span>\n\t\t\t\t\t                <\/div>\n            <\/div>\n\t\t\t            <div class=\"rh_prop_card__meta\">\n\t\t\t\t                    <span class=\"rh_meta_titles\">\u00c1rea<\/span>\n\t\t\t\t\t                <div class=\"rh_meta_icon_wrapper\">\n\t\t\t\t\t<svg class=\"rh_svg\" version=\"1.1\" xmlns=\"http:\/\/www.w3.org\/2000\/svg\" xmlns:xlink=\"http:\/\/www.w3.org\/1999\/xlink\" x=\"0px\" y=\"0px\"\n\t width=\"24px\" height=\"24px\" viewBox=\"0 0 24 24\" enable-background=\"new 0 0 24 24\" xml:space=\"preserve\">\n<g>\n\t<circle cx=\"2\" cy=\"2\" r=\"2\"\/>\n<\/g>\n<g>\n\t<circle cx=\"2\" cy=\"22\" r=\"2\"\/>\n<\/g>\n<g>\n\t<circle cx=\"22\" cy=\"2\" r=\"2\"\/>\n<\/g>\n<rect x=\"1\" y=\"1\" width=\"2\" height=\"22\"\/>\n<rect x=\"1\" y=\"1\" width=\"22\" height=\"2\"\/>\n<path opacity=\"0.5\" d=\"M23,20.277V1h-2v19.277C20.7,20.452,20.452,20.7,20.277,21H1v2h19.277c0.347,0.596,0.984,1,1.723,1\n\tc1.104,0,2-0.896,2-2C24,21.262,23.596,20.624,23,20.277z\"\/>\n<\/svg>\n                    <span class=\"figure\">\n                        103                    <\/span>\n\t\t\t\t\t                            <span class=\"label\">m2<\/span>\n\t\t\t\t\t\t\t                <\/div>\n            <\/div>\n\t\t\t    <\/div>\n\t            <\/div><!-- \/.rh_prop_card__meta_wrap -->\n\n\t\t\t                <div class=\"rh_prop_card__priceLabel\">\n                    <span class=\"rh_prop_card__status\">Nueva construcci\u00f3n<\/span>\n                    <p class=\"rh_prop_card__price\">\n\t\t\t\t\t\t \u20ac419.900                     <\/p>\n                <\/div>\n                <!-- \/.rh_prop_card__priceLabel -->\n\t\t\t        <\/div>\n        <!-- \/.rh_prop_card__details -->\n\n    <\/div>\n    <!-- \/.rh_prop_card__wrap -->\n\n<\/article><!-- \/.rh_prop_card --><article class=\"rh_prop_card rh_prop_card--listing\">\n    <div class=\"rh_prop_card__wrap\">\n\t\t            <div class=\"rh_label rh_label__property_grid\">\n                <div class=\"rh_label__wrap\">\n\t\t\t\t\tFeatured                    <span><\/span>\n                <\/div>\n            <\/div><!-- \/.rh_label -->\n\t\t\n        <figure class=\"rh_prop_card__thumbnail\">\n            <div class=\"rh_figure_property_one\">\n                <a href=\"https:\/\/www.ro-spain.com\/es\/property\/exclusivos-apartamentos-con-vistas-al-mar-y-a-la-montana-en-finestrat\/\">\n\t\t\t\t\t<img loading=\"lazy\" decoding=\"async\" width=\"680\" height=\"510\" src=\"https:\/\/www.ro-spain.com\/wp-content\/uploads\/2023\/12\/5-4-680x510.jpg\" class=\"attachment-modern-property-child-slider size-modern-property-child-slider wp-post-image\" alt=\"\" \/>                <\/a>\n\n                <div class=\"rh_overlay\"><\/div>\n                <div class=\"rh_overlay__contents rh_overlay__fadeIn-bottom\">\n                    <a href=\"https:\/\/www.ro-spain.com\/es\/property\/exclusivos-apartamentos-con-vistas-al-mar-y-a-la-montana-en-finestrat\/\">View Property<\/a>\n                <\/div>\n                <!-- \/.rh_overlay__contents -->\n\n\t\t\t\t            <\/div>\n\n            <!-- Property views counter -->\n\t        \n            <div class=\"rh_prop_card__btns\">\n\t\t\t\t                    <span class=\"favorite-btn-wrap favorite-btn-105887\">\n\t\t\t\t\t\t\t<span class=\"favorite-placeholder highlight__red hide user_not_logged_in\" data-propertyid=\"105887\"  data-tooltip=\"Agregado a Favoritos\" >\n\t\t\t\t\t\t\t\t<svg xmlns=\"http:\/\/www.w3.org\/2000\/svg\" width=\"24\" height=\"24\" viewBox=\"0 0 24 21\">\n  <path class=\"rh_svg\" d=\"M1089.48,1923.98a6.746,6.746,0,0,1,9.54,9.54L1089,1943l-10.02-9.48a6.746,6.746,0,0,1,9.54-9.54A0.641,0.641,0,0,0,1089.48,1923.98Z\" transform=\"translate(-1077 -1922)\"\/>\n<\/svg>\t\t\t\t\t\t\t<\/span>\n\t\t\t\t\t\t\t<a href=\"#\" class=\"favorite add-to-favorite user_not_logged_in\" data-propertyid=\"105887\"  data-tooltip=\"Agregar a favoritos\" >\n\t\t\t\t\t\t\t\t<svg xmlns=\"http:\/\/www.w3.org\/2000\/svg\" width=\"24\" height=\"24\" viewBox=\"0 0 24 21\">\n  <path class=\"rh_svg\" d=\"M1089.48,1923.98a6.746,6.746,0,0,1,9.54,9.54L1089,1943l-10.02-9.48a6.746,6.746,0,0,1,9.54-9.54A0.641,0.641,0,0,0,1089.48,1923.98Z\" transform=\"translate(-1077 -1922)\"\/>\n<\/svg>\t\t\t\t\t\t\t<\/a>\n\t\t\t\t\t\t<\/span>\n\t\t\t\t\t            <\/div>\n            <!-- \/.rh_prop_card__btns -->\n        <\/figure>\n        <!-- \/.rh_prop_card__thumbnail -->\n\n        <div class=\"rh_prop_card__details\">\n            <h3><a href=\"https:\/\/www.ro-spain.com\/es\/property\/exclusivos-apartamentos-con-vistas-al-mar-y-a-la-montana-en-finestrat\/\">Exclusivos apartamentos con vistas al mar y a la monta\u00f1a en Finestrat<\/a><\/h3>\n\t\t\t            <p class=\"rh_prop_card__excerpt\">Exclusivos&hellip;<\/p>\n            <div class=\"rh_prop_card__meta_wrap\">\n\t\t\t\t    <div class=\"rh_prop_card_meta_theme_stylish\">\n\t\t            <div class=\"rh_prop_card__meta\">\n\t\t\t\t                    <span class=\"rh_meta_titles\">Habitaciones<\/span>\n\t\t\t\t\t                <div class=\"rh_meta_icon_wrapper\">\n\t\t\t\t\t<svg class=\"rh_svg\" xmlns=\"http:\/\/www.w3.org\/2000\/svg\" width=\"24\" height=\"24\" viewBox=\"0 0 24 24\">\n <defs>\n  <\/defs>\n  <path d=\"M1111.91,600.993h16.17a2.635,2.635,0,0,1,2.68,1.773l1.21,11.358a2.456,2.456,0,0,1-2.61,2.875h-18.73a2.46,2.46,0,0,1-2.61-2.875l1.21-11.358A2.635,2.635,0,0,1,1111.91,600.993Zm0.66-7.994h3.86c1.09,0,2.57.135,2.57,1l0.01,3.463c0.14,0.838-1.72,1.539-2.93,1.539h-4.17c-1.21,0-2.07-.7-1.92-1.539l0.37-3.139A2.146,2.146,0,0,1,1112.57,593Zm11,0h3.86a2.123,2.123,0,0,1,2.2,1.325l0.38,3.139c0.14,0.838-.72,1.539-1.93,1.539h-5.17c-1.21,0-2.07-.7-1.92-1.539L1121,594C1121,593.1,1122.48,593,1123.57,593Z\" transform=\"translate(-1108 -593)\"\/>\n<\/svg>\n                    <span class=\"figure\">\n                        2                    <\/span>\n\t\t\t\t\t                <\/div>\n            <\/div>\n\t\t\t            <div class=\"rh_prop_card__meta\">\n\t\t\t\t                    <span class=\"rh_meta_titles\">Cuartos de ba\u00f1o<\/span>\n\t\t\t\t\t                <div class=\"rh_meta_icon_wrapper\">\n\t\t\t\t\t<svg class=\"rh_svg\" xmlns=\"http:\/\/www.w3.org\/2000\/svg\" width=\"23.69\" height=\"24\" viewBox=\"0 0 23.69 24\">\n  <path d=\"M1204,601a8,8,0,0,1,16,0v16h-2V601a6,6,0,0,0-12,0v1h-2v-1Zm7,6a6,6,0,0,0-12,0h12Zm-6,2a1,1,0,0,1,1,1v1a1,1,0,0,1-2,0v-1A1,1,0,0,1,1205,609Zm0,5a1,1,0,0,1,1,1v1a1,1,0,0,1-2,0v-1A1,1,0,0,1,1205,614Zm4.94-5.343a1,1,0,0,1,1.28.6l0.69,0.878a1,1,0,0,1-1.88.685l-0.69-.879A1,1,0,0,1,1209.94,608.657Zm2.05,4.638a1,1,0,0,1,1.28.6l0.35,0.94a1.008,1.008,0,0,1-.6,1.282,1,1,0,0,1-1.28-.6l-0.35-.939A1.008,1.008,0,0,1,1211.99,613.295Zm-11.93-4.638a1,1,0,0,1,.6,1.282l-0.69.879a1,1,0,1,1-1.87-.682l0.68-.88A1,1,0,0,1,1200.06,608.657Zm-2.05,4.639a1,1,0,0,1,.6,1.281l-0.34.941a1,1,0,0,1-1.88-.683l0.34-.94A1,1,0,0,1,1198.01,613.3Z\" transform=\"translate(-1196.31 -593)\"\/>\n<\/svg>\n                    <span class=\"figure\">\n                        2                    <\/span>\n\t\t\t\t\t                <\/div>\n            <\/div>\n\t\t\t            <div class=\"rh_prop_card__meta\">\n\t\t\t\t                    <span class=\"rh_meta_titles\">\u00c1rea<\/span>\n\t\t\t\t\t                <div class=\"rh_meta_icon_wrapper\">\n\t\t\t\t\t<svg class=\"rh_svg\" version=\"1.1\" xmlns=\"http:\/\/www.w3.org\/2000\/svg\" xmlns:xlink=\"http:\/\/www.w3.org\/1999\/xlink\" x=\"0px\" y=\"0px\"\n\t width=\"24px\" height=\"24px\" viewBox=\"0 0 24 24\" enable-background=\"new 0 0 24 24\" xml:space=\"preserve\">\n<g>\n\t<circle cx=\"2\" cy=\"2\" r=\"2\"\/>\n<\/g>\n<g>\n\t<circle cx=\"2\" cy=\"22\" r=\"2\"\/>\n<\/g>\n<g>\n\t<circle cx=\"22\" cy=\"2\" r=\"2\"\/>\n<\/g>\n<rect x=\"1\" y=\"1\" width=\"2\" height=\"22\"\/>\n<rect x=\"1\" y=\"1\" width=\"22\" height=\"2\"\/>\n<path opacity=\"0.5\" d=\"M23,20.277V1h-2v19.277C20.7,20.452,20.452,20.7,20.277,21H1v2h19.277c0.347,0.596,0.984,1,1.723,1\n\tc1.104,0,2-0.896,2-2C24,21.262,23.596,20.624,23,20.277z\"\/>\n<\/svg>\n                    <span class=\"figure\">\n                        221                    <\/span>\n\t\t\t\t\t                            <span class=\"label\">m2<\/span>\n\t\t\t\t\t\t\t                <\/div>\n            <\/div>\n\t\t\t    <\/div>\n\t            <\/div><!-- \/.rh_prop_card__meta_wrap -->\n\n\t\t\t                <div class=\"rh_prop_card__priceLabel\">\n                    <span class=\"rh_prop_card__status\">Nueva construcci\u00f3n<\/span>\n                    <p class=\"rh_prop_card__price\">\n\t\t\t\t\t\t \u20ac446.300                     <\/p>\n                <\/div>\n                <!-- \/.rh_prop_card__priceLabel -->\n\t\t\t        <\/div>\n        <!-- \/.rh_prop_card__details -->\n\n    <\/div>\n    <!-- \/.rh_prop_card__wrap -->\n\n<\/article><!-- \/.rh_prop_card --><\/div><\/div><div class='ere_pagination_wrapper'><div class='pagination ere-pagination-clean'><a href='https:\/\/www.ro-spain.com\/es\/wp-json\/wp\/v2\/pages\/6444\/' class='real-btn current' >1<\/a> <a href='https:\/\/www.ro-spain.com\/es\/wp-json\/wp\/v2\/pages\/6444\/page\/2\/' class='real-btn' >2<\/a> <\/div><\/div><\/div><\/div>[\/vc_column][\/vc_row]<\/p>\n<\/div>","protected":false},"excerpt":{"rendered":"<p>[vc_row][vc_column css_animation=\u00bbnone\u00bb][vc_column_text]Torrevieja es un pueblo costero en el Mar Mediterr\u00e1neo, a s\u00f3lo 40 minutos en coche de la ciudad de Alicante. Torrevieja significa literalmente \u00abTorre Vieja\u00bb. La ciudad tiene m\u00e1s de 200.000 habitantes. Pero en temporada alta esta cifra puede multiplicarse por cinco. La fuente de ingresos m\u00e1s importante para Torrevieja sol\u00eda ser la producci\u00f3n&#8230;<\/p>\n","protected":false},"author":1,"featured_media":0,"parent":6421,"menu_order":0,"comment_status":"closed","ping_status":"closed","template":"","meta":{"footnotes":""},"class_list":["post-6444","page","type-page","status-publish","hentry"],"aioseo_notices":[],"_links":{"self":[{"href":"https:\/\/www.ro-spain.com\/es\/wp-json\/wp\/v2\/pages\/6444","targetHints":{"allow":["GET"]}}],"collection":[{"href":"https:\/\/www.ro-spain.com\/es\/wp-json\/wp\/v2\/pages"}],"about":[{"href":"https:\/\/www.ro-spain.com\/es\/wp-json\/wp\/v2\/types\/page"}],"author":[{"embeddable":true,"href":"https:\/\/www.ro-spain.com\/es\/wp-json\/wp\/v2\/users\/1"}],"replies":[{"embeddable":true,"href":"https:\/\/www.ro-spain.com\/es\/wp-json\/wp\/v2\/comments?post=6444"}],"version-history":[{"count":2,"href":"https:\/\/www.ro-spain.com\/es\/wp-json\/wp\/v2\/pages\/6444\/revisions"}],"predecessor-version":[{"id":6446,"href":"https:\/\/www.ro-spain.com\/es\/wp-json\/wp\/v2\/pages\/6444\/revisions\/6446"}],"up":[{"embeddable":true,"href":"https:\/\/www.ro-spain.com\/es\/wp-json\/wp\/v2\/pages\/6421"}],"wp:attachment":[{"href":"https:\/\/www.ro-spain.com\/es\/wp-json\/wp\/v2\/media?parent=6444"}],"curies":[{"name":"wp","href":"https:\/\/api.w.org\/{rel}","templated":true}]}}