{"id":6464,"date":"2018-07-13T12:42:19","date_gmt":"2018-07-13T10:42:19","guid":{"rendered":"https:\/\/www.ro-spain.com\/over-ons\/"},"modified":"2019-09-30T15:13:57","modified_gmt":"2019-09-30T13:13:57","slug":"sobre-nosotros","status":"publish","type":"page","link":"https:\/\/www.ro-spain.com\/es\/sobre-nosotros\/","title":{"rendered":"Sobre nosotros"},"content":{"rendered":"<div class=\"wpb-content-wrapper\"><p>[vc_row][vc_column width=\u00bb1\/2&#8243;][vc_column_text]<strong>RO Spain Real Estate<\/strong> se ha especializado en la construcci\u00f3n, desarrollo y venta de inmuebles en Espa\u00f1a a lo largo de m\u00e1s de 14 a\u00f1os.<\/p>\n<p>Tenemos a nuestras espaldas m\u00e1s\u00a0 de 165 proyectos y viviendas directamente de promotores y bancos en la Costa Blanca y Costa C\u00e1lida. Puede contactarnos tanto para nuevas\u00a0 construcciones como para viviendas ya construidas.<\/p>\n<p>Despu\u00e9s de la crisis, los precios de los bienes inmuebles aumentan nuevamente su precio. Ahora es el momento ideal para comprar una vivienda en Espa\u00f1a a un precio razonable.<\/p>\n<p>Gracias a que trabajamos directamente con los promotores, podemos garantizar el precio m\u00e1s bajo. Todos los nuevos proyectos de construcci\u00f3n que ofrecemos se construyen de acuerdo con la norma actual de la UE.[\/vc_column_text][\/vc_column][vc_column width=\u00bb1\/2&#8243;][vc_raw_html]JTNDYSUyMGhyZWYlM0QlMjJodHRwcyUzQSUyRiUyRnlvdXR1LmJlJTJGZTVYSElnaUhRcFUlMjIlMjBjbGFzcyUzRCUyMnByZXR0eS1waG90byUyMiUzRSUwQSUwOSUwOSUwOSUwOSUzQ2RpdiUyMGNsYXNzJTNEJTIycGxheS1idG4lMjIlM0UlM0MlMkZkaXYlM0UlMEElMDklMDklMDklMDklM0NpbWclMjBzcmMlM0QlMjJodHRwcyUzQSUyRiUyRnd3dy5yby1zcGFpbi5jb20lMkZ3cC1jb250ZW50JTJGdXBsb2FkcyUyRjIwMTklMkYwOSUyRnZpZGVvMi5qcGclMjIlMjBhbHQlM0QlMjJIb21lJTIwaW4lMjBNZXJyaWNrJTIwV2F5JTIyJTNFJTA5JTA5JTA5JTNDJTJGYSUzRQ==[\/vc_raw_html][\/vc_column][\/vc_row][vc_row css=\u00bb.vc_custom_1543469524524{margin-top: 0px !important;}\u00bb][vc_column][vc_column_text]Ofrecemos todos los servicios relacionados con la compra de una propiedad en Espa\u00f1a, tales como:<\/p>\n<ol>\n<li>Asesoramiento en la compra.<\/li>\n<li>Representaci\u00f3n fiscal.<\/li>\n<li>Derecho de sucesiones.<\/li>\n<li>Solicitud del n\u00famero NIE.<\/li>\n<li>Seguros<\/li>\n<li>Poderes notariales<\/li>\n<li>Inspecciones de edificios.<\/li>\n<\/ol>\n<p>[\/vc_column_text][vc_text_separator title=\u00bbNuestros principales servicios:\u00bb title_align=\u00bbseparator_align_left\u00bb color=\u00bbcustom\u00bb accent_color=\u00bb#3a5a8c\u00bb][vc_row_inner][vc_column_inner width=\u00bb1\/3&#8243;][vc_single_image image=\u00bb450&#8243; img_size=\u00bblarge\u00bb alignment=\u00bbcenter\u00bb style=\u00bbvc_box_shadow_border\u00bb][\/vc_column_inner][vc_column_inner width=\u00bb1\/3&#8243;][vc_column_text]<\/p>\n<ul>\n<li>Venta de inmuebles en Espa\u00f1a<\/li>\n<li>Actuamos como agentes inmobiliarios en Espa\u00f1a<\/li>\n<li>Representantes fiscales para extranjeros en Espa\u00f1a<\/li>\n<li>Contrataci\u00f3n de Seguros<\/li>\n<\/ul>\n<p>[\/vc_column_text][\/vc_column_inner][vc_column_inner width=\u00bb1\/3&#8243;][vc_column_text]<\/p>\n<ul>\n<li>Todo tipo de procedimiento administrativo<\/li>\n<li>Poderes notariales<\/li>\n<li>Traducciones<\/li>\n<\/ul>\n<p>[\/vc_column_text][\/vc_column_inner][\/vc_row_inner][\/vc_column][\/vc_row][vc_row][vc_column][vc_text_separator title=\u00bbNuestro equipo:\u00bb title_align=\u00bbseparator_align_left\u00bb color=\u00bbcustom\u00bb accent_color=\u00bb#3a5a8c\u00bb][vc_column_text][wp-team grid=\u00bb4&#8243;][\/vc_column_text][\/vc_column][\/vc_row]<\/p>\n<\/div>","protected":false},"excerpt":{"rendered":"<p>[vc_row][vc_column width=\u00bb1\/2&#8243;][vc_column_text]RO Spain Real Estate se ha especializado en la construcci\u00f3n, desarrollo y venta de inmuebles en Espa\u00f1a a lo largo de m\u00e1s de 14 a\u00f1os. Tenemos a nuestras espaldas m\u00e1s\u00a0 de 165 proyectos y viviendas directamente de promotores y bancos en la Costa Blanca y Costa C\u00e1lida. Puede contactarnos tanto para nuevas\u00a0 construcciones como&#8230;<\/p>\n","protected":false},"author":1,"featured_media":0,"parent":0,"menu_order":0,"comment_status":"closed","ping_status":"closed","template":"","meta":{"footnotes":""},"class_list":["post-6464","page","type-page","status-publish","hentry"],"aioseo_notices":[],"_links":{"self":[{"href":"https:\/\/www.ro-spain.com\/es\/wp-json\/wp\/v2\/pages\/6464","targetHints":{"allow":["GET"]}}],"collection":[{"href":"https:\/\/www.ro-spain.com\/es\/wp-json\/wp\/v2\/pages"}],"about":[{"href":"https:\/\/www.ro-spain.com\/es\/wp-json\/wp\/v2\/types\/page"}],"author":[{"embeddable":true,"href":"https:\/\/www.ro-spain.com\/es\/wp-json\/wp\/v2\/users\/1"}],"replies":[{"embeddable":true,"href":"https:\/\/www.ro-spain.com\/es\/wp-json\/wp\/v2\/comments?post=6464"}],"version-history":[{"count":3,"href":"https:\/\/www.ro-spain.com\/es\/wp-json\/wp\/v2\/pages\/6464\/revisions"}],"predecessor-version":[{"id":9063,"href":"https:\/\/www.ro-spain.com\/es\/wp-json\/wp\/v2\/pages\/6464\/revisions\/9063"}],"wp:attachment":[{"href":"https:\/\/www.ro-spain.com\/es\/wp-json\/wp\/v2\/media?parent=6464"}],"curies":[{"name":"wp","href":"https:\/\/api.w.org\/{rel}","templated":true}]}}