{"id":6516,"date":"2018-07-14T07:33:15","date_gmt":"2018-07-14T05:33:15","guid":{"rendered":"https:\/\/www.ro-spain.com\/legal-notice-and-conditions-of-use\/"},"modified":"2019-06-10T13:26:22","modified_gmt":"2019-06-10T11:26:22","slug":"nota-legal-y-condiciones-de-uso","status":"publish","type":"page","link":"https:\/\/www.ro-spain.com\/es\/nota-legal-y-condiciones-de-uso\/","title":{"rendered":"Nota legal y condiciones de uso"},"content":{"rendered":"<p>Informaci\u00f3n general para cumplir con la Ley 34\/2002, del 11 de julio, de Servicios de la Sociedad de la Informaci\u00f3n:<\/p>\n<p>Propietario: <strong>DYROMO TRADE S.L<br \/>\n<\/strong>Nombre comercial: <strong>RO Spain Real Estate<br \/>\n<\/strong>C.I.F.: <strong>B-54875042<br \/>\n<\/strong>Direcci\u00f3n: <strong>C \/ Reyes Cat\u00f3licos 29, 4\u00ba A 03003 (Alicante).<br \/>\n<\/strong>Tel\u00e9fono: <strong>966 276 923<br \/>\n<\/strong>Correo electr\u00f3nico: <strong>info@ro-spain.com<br \/>\n<\/strong>Correo electr\u00f3nico de contacto LOPD: <strong>lopd@ro-spain.com<\/strong><\/p>\n<p>Dyromo Trade, S.L (con nombre comercial RO Spain Real Estate) posee el nombre de dominio y la p\u00e1gina de Internet a la que se accede a trav\u00e9s de la direcci\u00f3n localhost\/rospain<\/p>\n<p><strong>Datos de registro:<\/strong><\/p>\n<p>Inscrita en el Registro Mercantil de Alicante. Con la entrada n\u00famero 1\/2015 \/ 15.251, diario 308, asiento 1797, entrada 1, p\u00e1gina A-146161, folio 76, volumen 3879.<\/p>\n<p>Aceptaci\u00f3n de las condiciones de uso.<\/p>\n<p>Lea detenidamente estos T\u00e9rminos de uso y la Pol\u00edtica de privacidad antes de usar y acceder a este sitio web.<\/p>\n<p>Al utilizar o acceder a este sitio web, usted reconoce que ha le\u00eddo, comprendido y aceptado el Acuerdo de T\u00e9rminos de Uso y la Pol\u00edtica de Privacidad. Estas condiciones est\u00e1n dise\u00f1adas para garantizar un buen uso del sitio web en Internet.<\/p>\n<p><strong>Condiciones de uso del portal.<\/strong><\/p>\n<p>El Usuario se compromete a usar los Contenidos de una manera diligente, correcta y legal y, en particular, se compromete a abstenerse a usar los contenidos de una manera, con fines o efectos contrarios a la ley, la moral y las buenas costumbres generalmente aceptadas o al orden p\u00fablico; (b) reproducir o copiar, distribuir, permitir el acceso p\u00fablico a trav\u00e9s de cualquier forma de comunicaci\u00f3n p\u00fablica, transformar o modificar los Contenidos, a menos que cuente con la autorizaci\u00f3n del titular de los derechos correspondientes o est\u00e9 legalmente permitido; (c) eliminar, evadir o manipular el \u201cderecho de autor\u201d y otros datos de identificaci\u00f3n.<\/p>\n<p>El Usuario se compromete expresamente a no destruir, alterar, deshabilitar o, de cualquier otra forma, da\u00f1ar los datos, programas o documentos electr\u00f3nicos y otros que se encuentran en este sitio web.<\/p>\n<p>El usuario se compromete a no introducir programas, virus, macros, applets, controles ActiveX o cualquier otro dispositivo l\u00f3gico o secuencia de caracteres que provoque o pueda causar cualquier tipo de alteraci\u00f3n en los sistemas inform\u00e1ticos del propietario del sitio web o de terceros.<\/p>\n<p>Est\u00e1 prohibido realizar cualquier tipo de informaci\u00f3n publicitaria o comercial de forma directa o encubierta enviando correos electr\u00f3nicos masivos (&#8220;spamming&#8221;) sin la debida autorizaci\u00f3n.<\/p>\n<p>Cualquier enlace hecho con los contenidos requerir\u00e1 la aprobaci\u00f3n previa de Dyromo Trade, S.L. y debe permitir, a trav\u00e9s de la visualizaci\u00f3n oportuna, la identificaci\u00f3n de su origen. El uso de esta informaci\u00f3n en otros sitios de Internet requerir\u00e1 autorizaci\u00f3n expresa.<\/p>\n<p>Exclusi\u00f3n de garant\u00edas y responsabilidades. Dyromo Trade, S.L. se reserva el derecho de realizar, en cualquier momento y sin previo aviso, modificaciones y actualizaciones de la informaci\u00f3n contenida en su sitio web, la configuraci\u00f3n y presentaci\u00f3n de este y las condiciones de acceso. Dyromo Trade, S.L. no garantiza la ausencia de interrupciones o errores en el acceso a la p\u00e1gina web, en su contenido, o que se actualice, aunque desarrollar\u00e1 sus mejores esfuerzos para, en su caso, evitarlos, corregirlos o actualizarlos.<\/p>\n<p>El acceso a la Web no implica una obligaci\u00f3n por parte de Dyromo Trade, S.L. para controlar la ausencia de virus o cualquier otro programa o sistema da\u00f1ino. Corresponde al Usuario la disponibilidad de herramientas adecuadas para la detecci\u00f3n y desinfecci\u00f3n de programas inform\u00e1ticos da\u00f1inos. Dyromo Trade, S.L. no es responsable de ning\u00fan da\u00f1o causado al equipo inform\u00e1tico de los Usuarios o terceros durante la prestaci\u00f3n del servicio web.<\/p>\n<p>Dyromo Trade, S.L. no ser\u00e1 responsable por los da\u00f1os causados \u200b\u200bo que puedan ocurrir, cualquiera que sea su naturaleza, como resultado del uso de la informaci\u00f3n, los asuntos contenidos en este sitio web y los programas que incorpora. Dyromo Trade, S.L. no es responsable de la informaci\u00f3n contenida en el mismo ni de los efectos que puedan surgir de dicha informaci\u00f3n.<\/p>\n<p>En resumen, el usuario es el \u00fanico responsable del uso que se haga de los servicios, el contenido, los enlaces (links) y el hipertexto incluido en este sitio web.<\/p>\n<p><strong>Derechos de propiedad intelectual e industrial.<\/strong><\/p>\n<p>El c\u00f3digo fuente, los dise\u00f1os gr\u00e1ficos, las im\u00e1genes, el software, los textos, as\u00ed como la informaci\u00f3n y los contenidos que se incluyen en este sitio web est\u00e1n protegidos por la legislaci\u00f3n espa\u00f1ola sobre los derechos de propiedad intelectual e industrial en favor de Dyromo Trade. , SL y la reproducci\u00f3n y \/ o publicaci\u00f3n, total o parcial, del sitio web, ni su procesamiento inform\u00e1tico, su distribuci\u00f3n, su difusi\u00f3n, ni su modificaci\u00f3n, transformaci\u00f3n o descompilaci\u00f3n, derechos legalmente reconocidos a su propietario, sin el permiso previo por escrito de lo mismo. El Usuario, \u00fanica y exclusivamente, puede utilizar el material que aparece en este sitio web para uso personal y privado, quedando prohibido su uso con fines comerciales o para incurrir en actividades il\u00edcitas. Todos los derechos derivados de la propiedad intelectual est\u00e1n expresamente reservados por Dyromo Trade, S.L.Dyromo Trade, S.L. no otorga ninguna licencia o autorizaci\u00f3n de uso de ning\u00fan tipo sobre sus derechos de propiedad intelectual e industrial o sobre cualquier otra propiedad o derecho relacionado con el sitio web. El acceso al Sitio no otorga ning\u00fan derecho de propiedad intelectual a los usuarios. Conforme a lo dispuesto en los art\u00edculos 8 y 32.1, p\u00e1rrafo segundo, de la Ley de Propiedad Intelectual, la reproducci\u00f3n, distribuci\u00f3n y comunicaci\u00f3n p\u00fablica est\u00e1n expresamente prohibidas. Incluyendo su m\u00e9todo de poner a disposici\u00f3n, de todo o parte de los contenidos de este sitio web, con fines comerciales, en cualquier medio y por cualquier medio t\u00e9cnico, sin la autorizaci\u00f3n de Dyromo Trade, SL El Usuario acepta respetar los derechos de propiedad intelectual e industrial. Propiedad propiedad de la empresa. Dromo Trade, S.L. velar\u00e1 por el cumplimiento de las condiciones anteriores, as\u00ed como el uso adecuado de los contenidos presentados en su sitio web, ejerciendo todas las acciones civiles y penales que correspondan en caso de infracci\u00f3n o violaci\u00f3n de estos derechos por parte del usuario.<\/p>\n","protected":false},"excerpt":{"rendered":"<p>Informaci\u00f3n general para cumplir con la Ley 34\/2002, del 11 de julio, de Servicios de la Sociedad de la Informaci\u00f3n: Propietario: DYROMO TRADE S.L Nombre comercial: RO Spain Real Estate C.I.F.: B-54875042 Direcci\u00f3n: C \/ Reyes Cat\u00f3licos 29, 4\u00ba A 03003 (Alicante). Tel\u00e9fono: 966 276 923 Correo electr\u00f3nico: info@ro-spain.com Correo electr\u00f3nico de contacto LOPD: lopd@ro-spain.com&#8230;<\/p>\n","protected":false},"author":1,"featured_media":0,"parent":0,"menu_order":0,"comment_status":"closed","ping_status":"closed","template":"","meta":{"footnotes":""},"class_list":["post-6516","page","type-page","status-publish","hentry"],"aioseo_notices":[],"_links":{"self":[{"href":"https:\/\/www.ro-spain.com\/es\/wp-json\/wp\/v2\/pages\/6516","targetHints":{"allow":["GET"]}}],"collection":[{"href":"https:\/\/www.ro-spain.com\/es\/wp-json\/wp\/v2\/pages"}],"about":[{"href":"https:\/\/www.ro-spain.com\/es\/wp-json\/wp\/v2\/types\/page"}],"author":[{"embeddable":true,"href":"https:\/\/www.ro-spain.com\/es\/wp-json\/wp\/v2\/users\/1"}],"replies":[{"embeddable":true,"href":"https:\/\/www.ro-spain.com\/es\/wp-json\/wp\/v2\/comments?post=6516"}],"version-history":[{"count":3,"href":"https:\/\/www.ro-spain.com\/es\/wp-json\/wp\/v2\/pages\/6516\/revisions"}],"predecessor-version":[{"id":6559,"href":"https:\/\/www.ro-spain.com\/es\/wp-json\/wp\/v2\/pages\/6516\/revisions\/6559"}],"wp:attachment":[{"href":"https:\/\/www.ro-spain.com\/es\/wp-json\/wp\/v2\/media?parent=6516"}],"curies":[{"name":"wp","href":"https:\/\/api.w.org\/{rel}","templated":true}]}}