{"id":95993,"date":"2023-07-20T12:27:19","date_gmt":"2023-07-20T10:27:19","guid":{"rendered":"https:\/\/www.ro-spain.com\/rynek-wtorny\/"},"modified":"2023-07-20T12:38:43","modified_gmt":"2023-07-20T10:38:43","slug":"segunda-mano","status":"publish","type":"page","link":"https:\/\/www.ro-spain.com\/es\/segunda-mano\/","title":{"rendered":"Segunda mano"},"content":{"rendered":"<div class=\"wpb-content-wrapper\"><p>[vc_row content_placement=\u00bbmiddle\u00bb][vc_column width=\u00bb2\/3&#8243;][vc_column_text]Querido amante de Espa\u00f1a,<\/p>\n<p><a href=\"https:\/\/resaleproperties-spain.com\/\" target=\"_blank\" rel=\"noopener\">En el siguiente enlace<\/a>, encontrar\u00e1 una amplia gama de propiedades llave en mano, distribuidas tanto en la Costa Blanca como en la Costa C\u00e1lida. Esta oferta se hace a trav\u00e9s de una colaboraci\u00f3n con varias agencias inmobiliarias locales.<\/p>\n<p>Nuestro sitio web importa de manera autom\u00e1tica la oferta de dichas agencias, y es por esta raz\u00f3n que encontrar\u00e1 la selecci\u00f3n m\u00e1s amplia en la versi\u00f3n en ingl\u00e9s del sitio web, ya que se utiliza como idioma com\u00fan.<\/p>\n<p>Dado que como mencionamos anteriormente, nuestro sitio web se actualiza autom\u00e1ticamente con ofertas de terceros, no podemos responsabilizarnos por el contenido, los precios y la exactitud de las propiedades ofrecidas.<\/p>\n<p>Sin embargo, podemos destacar la seriedad y el compromiso de las agencias, resultado de la alta selectividad que realizamos a la hora de decidir con quienes trabajamos.<\/p>\n<p>Para preguntas y\/o m\u00e1s informaci\u00f3n sobre viviendas existentes, p\u00f3ngase en contacto con <a href=\"mailto:info@ro-spain.com\">info@ro-spain.com<\/a>.<\/p>\n<p>Lo saluda cordialmente,<\/p>\n<p>El equipo RO Spain Real Estate.[\/vc_column_text][vc_btn title=\u00bbBestaande woningen\u00bb style=\u00bbgradient-custom\u00bb gradient_custom_color_1=\u00bb#324c76&#8243; gradient_custom_color_2=\u00bb#324c76&#8243; align=\u00bbcenter\u00bb link=\u00bburl:https%3A%2F%2Fresaleproperties-spain.com%2F|target:_blank\u00bb][vc_separator][\/vc_column][vc_column width=\u00bb1\/3&#8243;][vc_single_image image=\u00bb95977&#8243; img_size=\u00bbfull\u00bb alignment=\u00bbcenter\u00bb style=\u00bbvc_box_rounded\u00bb][\/vc_column][\/vc_row]<\/p>\n<\/div>","protected":false},"excerpt":{"rendered":"<p>[vc_row content_placement=\u00bbmiddle\u00bb][vc_column width=\u00bb2\/3&#8243;][vc_column_text]Querido amante de Espa\u00f1a, En el siguiente enlace, encontrar\u00e1 una amplia gama de propiedades llave en mano, distribuidas tanto en la Costa Blanca como en la Costa C\u00e1lida. Esta oferta se hace a trav\u00e9s de una colaboraci\u00f3n con varias agencias inmobiliarias locales. Nuestro sitio web importa de manera autom\u00e1tica la oferta de dichas&#8230;<\/p>\n","protected":false},"author":1,"featured_media":0,"parent":0,"menu_order":0,"comment_status":"closed","ping_status":"closed","template":"","meta":{"footnotes":""},"class_list":["post-95993","page","type-page","status-publish","hentry"],"aioseo_notices":[],"_links":{"self":[{"href":"https:\/\/www.ro-spain.com\/es\/wp-json\/wp\/v2\/pages\/95993","targetHints":{"allow":["GET"]}}],"collection":[{"href":"https:\/\/www.ro-spain.com\/es\/wp-json\/wp\/v2\/pages"}],"about":[{"href":"https:\/\/www.ro-spain.com\/es\/wp-json\/wp\/v2\/types\/page"}],"author":[{"embeddable":true,"href":"https:\/\/www.ro-spain.com\/es\/wp-json\/wp\/v2\/users\/1"}],"replies":[{"embeddable":true,"href":"https:\/\/www.ro-spain.com\/es\/wp-json\/wp\/v2\/comments?post=95993"}],"version-history":[{"count":1,"href":"https:\/\/www.ro-spain.com\/es\/wp-json\/wp\/v2\/pages\/95993\/revisions"}],"predecessor-version":[{"id":95994,"href":"https:\/\/www.ro-spain.com\/es\/wp-json\/wp\/v2\/pages\/95993\/revisions\/95994"}],"wp:attachment":[{"href":"https:\/\/www.ro-spain.com\/es\/wp-json\/wp\/v2\/media?parent=95993"}],"curies":[{"name":"wp","href":"https:\/\/api.w.org\/{rel}","templated":true}]}}