{"id":131426,"date":"2025-11-17T10:07:43","date_gmt":"2025-11-17T09:07:43","guid":{"rendered":"https:\/\/www.ro-spain.com\/invierte-en-dubai\/"},"modified":"2025-11-25T13:38:25","modified_gmt":"2025-11-25T12:38:25","slug":"inwestuj-w-dubai","status":"publish","type":"page","link":"https:\/\/www.ro-spain.com\/pl\/inwestuj-w-dubai\/","title":{"rendered":"Dubai"},"content":{"rendered":"<div class=\"wpb-content-wrapper\"><p>[vc_row css=&#8221;.vc_custom_1763367822932{margin-bottom: 50px !important;}&#8221;][vc_column]<script>console.log(\": Slider with alias Dubai not found.\")<\/script>\n[\/vc_column][\/vc_row][vc_row][vc_column][vc_column_text css=&#8221;.vc_custom_1763997880335{margin-bottom: 0px !important;}&#8221;]<\/p>\n<h1>Inwestuj w Dubaju bez zmartwie\u0144, poczuj spok\u00f3j i bezpiecze\u0144stwo.<\/h1>\n<p>[\/vc_column_text][vc_column_text css=&#8221;&#8221;]<\/p>\n<h3>W RO Spain Real Estate od ponad 20 lat jeste\u015bmy zaufanym partnerem wielu Polak\u00f3w oraz innych Europejczyk\u00f3w, kt\u00f3rzy inwestuj\u0105 w nieruchomo\u015bci w Hiszpanii i Dubaju.<\/h3>\n<p>[\/vc_column_text][vc_column_text css=&#8221;&#8221;]Dubaj sta\u0142 si\u0119 jednym z najatrakcyjniejszych miejsc na \u015bwiecie do inwestowania w nieruchomo\u015bci. Sta\u0142y rozw\u00f3j, wysoka rentowno\u015b\u0107 oraz wyj\u0105tkowy styl \u017cycia sprawiaj\u0105, \u017ce to miasto jest okazj\u0105, kt\u00f3rej nie mo\u017cna przegapi\u0107.<\/p>\n<p>W naszej agencji nieruchomo\u015bci towarzyszymy Ci na ka\u017cdym etapie, od wyboru idealnej nieruchomo\u015bci, a\u017c po pe\u0142ne zarz\u0105dzanie Twoj\u0105 inwestycj\u0105. Z nami zakup w Dubaju jest \u0142atwy, bezpieczny i przejrzysty.<\/p>\n<p>RO Spain Real Estate jest oficjaln\u0105 agencj\u0105 CMR Real Estate &amp; Business Solutions. Z naszych biur w Hiszpanii i Holandii wspieramy naszych klient\u00f3w.[\/vc_column_text][\/vc_column][\/vc_row][vc_row equal_height=&#8221;yes&#8221; content_placement=&#8221;middle&#8221; css_animation=&#8221;fadeInRight&#8221; css=&#8221;.vc_custom_1763729030743{margin-bottom: 35px !important;border-top-width: 1px !important;border-right-width: 1px !important;border-bottom-width: 1px !important;border-left-width: 1px !important;background-color: #2171A42B !important;border-left-style: solid !important;border-right-style: solid !important;border-top-style: solid !important;border-bottom-style: solid !important;border-radius: 10px !important;border-color: #2171A470 !important;}&#8221;][vc_column width=&#8221;1\/3&#8243;][vc_single_image image=&#8221;131281&#8243; img_size=&#8221;400&#215;250&#8243; alignment=&#8221;center&#8221; onclick=&#8221;link_image&#8221; css=&#8221;&#8221;][\/vc_column][vc_column width=&#8221;2\/3&#8243;][vc_column_text css=&#8221;&#8221;]<\/p>\n<h2><strong>Wysoka i stabilna stopa zwrotu z inwestycji (ROI)<\/strong><\/h2>\n<p>Dubaj oferuje wysok\u0105 stop\u0119 zwrotu z inwestycji, kt\u00f3ra mo\u017ce si\u0119ga\u0107 od <strong>6% do 11%<\/strong> rocznie. Zyski te mo\u017cna osi\u0105gn\u0105\u0107 poprzez najem kr\u00f3tkoterminowy lub d\u0142ugoterminowy, a tak\u017ce poprzez odsprzeda\u017c nieruchomo\u015bci (tzw. <em>flipping<\/em>) przed jej dostarczeniem.<\/p>\n<p>Dodatkowo, dzi\u0119ki sta\u0142emu popytowi i dynamicznemu rynkowi, warto\u015b\u0107 Twojej inwestycji ro\u015bnie z roku na rok (aprecjacja nieruchomo\u015bci).[\/vc_column_text][\/vc_column][\/vc_row][vc_row equal_height=&#8221;yes&#8221; content_placement=&#8221;middle&#8221; css_animation=&#8221;fadeInLeft&#8221; css=&#8221;.vc_custom_1763729040915{margin-bottom: 35px !important;border-top-width: 1px !important;border-right-width: 1px !important;border-bottom-width: 1px !important;border-left-width: 1px !important;background-color: #2171A40D !important;border-left-style: solid !important;border-right-style: solid !important;border-top-style: solid !important;border-bottom-style: solid !important;border-radius: 10px !important;border-color: #2171A42B !important;}&#8221;][vc_column width=&#8221;1\/3&#8243;][vc_single_image image=&#8221;131285&#8243; img_size=&#8221;400&#215;250&#8243; alignment=&#8221;center&#8221; onclick=&#8221;link_image&#8221; css=&#8221;&#8221;][\/vc_column][vc_column width=&#8221;2\/3&#8243;][vc_column_text css=&#8221;&#8221;]<\/p>\n<h2>Zero podatk\u00f3w,<br \/>\nwi\u0119cej korzy\u015bci dla Ciebie<\/h2>\n<p>W Dubaju nie p\u0142acisz podatku dochodowego ani podatku od zysk\u00f3w kapita\u0142owych z nieruchomo\u015bci. Oznacza to <strong>wy\u017csze zyski netto<\/strong> i wyj\u0105tkowo korzystne warunki podatkowe dla inwestor\u00f3w zagranicznych.[\/vc_column_text][\/vc_column][\/vc_row][vc_row equal_height=&#8221;yes&#8221; content_placement=&#8221;middle&#8221; css_animation=&#8221;fadeInRight&#8221; css=&#8221;.vc_custom_1763729048238{margin-bottom: 35px !important;border-top-width: 1px !important;border-right-width: 1px !important;border-bottom-width: 1px !important;border-left-width: 1px !important;background-color: #2171A42B !important;border-left-style: solid !important;border-right-style: solid !important;border-top-style: solid !important;border-bottom-style: solid !important;border-radius: 10px !important;border-color: #2171A470 !important;}&#8221;][vc_column width=&#8221;1\/3&#8243;][vc_single_image image=&#8221;131289&#8243; img_size=&#8221;400&#215;250&#8243; alignment=&#8221;center&#8221; onclick=&#8221;link_image&#8221; css=&#8221;&#8221;][\/vc_column][vc_column width=&#8221;2\/3&#8243;][vc_column_text css=&#8221;&#8221;]<\/p>\n<h2>Nieustannie rozwijaj\u0105ce si\u0119 miasto<\/h2>\n<p>Z ka\u017cdym rokiem pojawiaj\u0105 si\u0119 tu nowe inwestycje, nowoczesna infrastruktura i projekty premium, kt\u00f3re dynamicznie nap\u0119dzaj\u0105 rynek nieruchomo\u015bci. Inwestuj\u0105c dzi\u015b, zapewniasz sobie miejsce w mie\u015bcie, kt\u00f3re patrzy w przysz\u0142o\u015b\u0107.[\/vc_column_text][\/vc_column][\/vc_row][vc_row equal_height=&#8221;yes&#8221; content_placement=&#8221;middle&#8221; css_animation=&#8221;fadeInLeft&#8221; css=&#8221;.vc_custom_1763729061588{margin-bottom: 35px !important;border-top-width: 1px !important;border-right-width: 1px !important;border-bottom-width: 1px !important;border-left-width: 1px !important;background-color: #2171A40D !important;border-left-style: solid !important;border-right-style: solid !important;border-top-style: solid !important;border-bottom-style: solid !important;border-radius: 10px !important;border-color: #2171A42B !important;}&#8221;][vc_column width=&#8221;1\/3&#8243;][vc_single_image image=&#8221;131293&#8243; img_size=&#8221;400&#215;250&#8243; alignment=&#8221;center&#8221; onclick=&#8221;link_image&#8221; css=&#8221;&#8221;][\/vc_column][vc_column width=&#8221;2\/3&#8243;][vc_column_text css=&#8221;&#8221;]<\/p>\n<h2>Jako\u015b\u0107 \u017cycia<br \/>\ni bezpiecze\u0144stwo<\/h2>\n<p>Dubaj \u0142\u0105czy w sobie nowoczesno\u015b\u0107, luksus i jeden z najni\u017cszych wska\u017anik\u00f3w przest\u0119pczo\u015bci na \u015bwiecie. <strong>Jest to idealne miejsce do \u017cycia, inwestowania lub dywersyfikacji maj\u0105tku<\/strong> w ca\u0142kowitym spokoju.[\/vc_column_text][\/vc_column][\/vc_row][vc_row equal_height=&#8221;yes&#8221; content_placement=&#8221;middle&#8221; css_animation=&#8221;fadeInRight&#8221; css=&#8221;.vc_custom_1763729068170{margin-bottom: 35px !important;border-top-width: 1px !important;border-right-width: 1px !important;border-bottom-width: 1px !important;border-left-width: 1px !important;background-color: #2171A42B !important;border-left-style: solid !important;border-right-style: solid !important;border-top-style: solid !important;border-bottom-style: solid !important;border-radius: 10px !important;border-color: #2171A470 !important;}&#8221;][vc_column width=&#8221;1\/3&#8243;][vc_single_image image=&#8221;131297&#8243; img_size=&#8221;400&#215;250&#8243; alignment=&#8221;center&#8221; onclick=&#8221;link_image&#8221; css=&#8221;&#8221;][\/vc_column][vc_column width=&#8221;2\/3&#8243;][vc_column_text css=&#8221;&#8221;]<\/p>\n<h2>\u0141atwe zakupy i<br \/>\nprofesjonalne wsparcie<\/h2>\n<p>Doradzamy Pa\u0144stwu na ka\u017cdym etapie: od wyboru projektu po ostateczne podpisanie umowy i obs\u0142ug\u0119 posprzeda\u017cow\u0105. Ponadto mog\u0105 Pa\u0144stwo <strong>uzyska\u0107 wiz\u0119 pobytow\u0105<\/strong> w zale\u017cno\u015bci od warto\u015bci nabytej nieruchomo\u015bci.[\/vc_column_text][\/vc_column][\/vc_row][vc_row equal_height=&#8221;yes&#8221; content_placement=&#8221;middle&#8221; css_animation=&#8221;fadeInLeft&#8221; css=&#8221;.vc_custom_1763729074389{margin-bottom: 35px !important;border-top-width: 1px !important;border-right-width: 1px !important;border-bottom-width: 1px !important;border-left-width: 1px !important;background-color: #2171A40D !important;border-left-style: solid !important;border-right-style: solid !important;border-top-style: solid !important;border-bottom-style: solid !important;border-radius: 10px !important;border-color: #2171A42B !important;}&#8221;][vc_column width=&#8221;1\/3&#8243;][vc_single_image image=&#8221;131301&#8243; img_size=&#8221;400&#215;250&#8243; alignment=&#8221;center&#8221; onclick=&#8221;link_image&#8221; css=&#8221;&#8221;][\/vc_column][vc_column width=&#8221;2\/3&#8243;][vc_column_text css=&#8221;&#8221;]<\/p>\n<h2>Twoja inwestycja,<br \/>\nnasz priorytet<\/h2>\n<p>W Dubaju mo\u017cliwo\u015bci s\u0105 dost\u0119pne dla ka\u017cdego, kto potrafi je wykorzysta\u0107.<br \/>\n<strong>Pozw\u00f3l nam towarzyszy\u0107 Ci w drodze do bezpiecznej, dochodowej i przysz\u0142o\u015bciowej inwestycji.<\/strong>[\/vc_column_text][\/vc_column][\/vc_row][vc_row css_animation=&#8221;fadeInUp&#8221;][vc_column][vc_column_text css=&#8221;&#8221;]<\/p>\n<h1 style=\"text-align: center;\">\ud83d\udce9 Skontaktuj si\u0119 z nami ju\u017c dzi\u015b, aby uzyska\u0107 BEZP\u0141ATN\u0104 konsultacj\u0119 online.<\/h1>\n<h2 style=\"text-align: center;\">Odpowiemy na wszystkie pytania dotycz\u0105ce zwrotu z inwestycji, podatk\u00f3w, oferty nieruchomo\u015bci i rozwi\u0105za\u0144 biznesowych.<\/h2>\n<p>[\/vc_column_text][vc_row_inner][vc_column_inner width=&#8221;1\/2&#8243;][vc_btn title=&#8221;Wi\u0119cej informacji \/ Bezp\u0142atna konsultacja&#8221; style=&#8221;gradient-custom&#8221; gradient_custom_color_1=&#8221;#320000&#8243; gradient_custom_color_2=&#8221;#320000&#8243; size=&#8221;lg&#8221; align=&#8221;center&#8221; i_icon_fontawesome=&#8221;fas fa-info-circle&#8221; css=&#8221;&#8221; add_icon=&#8221;true&#8221; link=&#8221;url:https%3A%2F%2Fwww.ro-spain.com%2Fpl%2Fkontakt%2F|target:_blank&#8221; el_class=&#8221;btnCmr&#8221;][\/vc_column_inner][vc_column_inner width=&#8221;1\/2&#8243;][vc_btn title=&#8221;Wi\u0119cej informacji na stronie cmrdubai.com&#8221; style=&#8221;gradient-custom&#8221; gradient_custom_color_1=&#8221;#320000&#8243; gradient_custom_color_2=&#8221;#320000&#8243; size=&#8221;lg&#8221; align=&#8221;center&#8221; i_icon_fontawesome=&#8221;fas fa-info-circle&#8221; css=&#8221;&#8221; add_icon=&#8221;true&#8221; link=&#8221;url:https%3A%2F%2Fwww.cmrdubai.com%2Fpl%2F|target:_blank&#8221; el_class=&#8221;btnCmr&#8221;][\/vc_column_inner][\/vc_row_inner][\/vc_column][\/vc_row]<\/p>\n<\/div>","protected":false},"excerpt":{"rendered":"<p>[vc_row css=&#8221;.vc_custom_1763367822932{margin-bottom: 50px !important;}&#8221;][vc_column][\/vc_column][\/vc_row][vc_row][vc_column][vc_column_text css=&#8221;.vc_custom_1763997880335{margin-bottom: 0px !important;}&#8221;] Inwestuj w Dubaju bez zmartwie\u0144, poczuj spok\u00f3j i bezpiecze\u0144stwo. [\/vc_column_text][vc_column_text css=&#8221;&#8221;] W RO Spain Real Estate od ponad 20 lat jeste\u015bmy zaufanym partnerem wielu Polak\u00f3w oraz innych Europejczyk\u00f3w, kt\u00f3rzy inwestuj\u0105 w nieruchomo\u015bci w Hiszpanii i Dubaju. [\/vc_column_text][vc_column_text css=&#8221;&#8221;]Dubaj sta\u0142 si\u0119 jednym z najatrakcyjniejszych miejsc na \u015bwiecie do inwestowania&#8230;<\/p>\n","protected":false},"author":1,"featured_media":0,"parent":0,"menu_order":0,"comment_status":"closed","ping_status":"closed","template":"","meta":{"footnotes":""},"class_list":["post-131426","page","type-page","status-publish","hentry"],"aioseo_notices":[],"_links":{"self":[{"href":"https:\/\/www.ro-spain.com\/pl\/wp-json\/wp\/v2\/pages\/131426","targetHints":{"allow":["GET"]}}],"collection":[{"href":"https:\/\/www.ro-spain.com\/pl\/wp-json\/wp\/v2\/pages"}],"about":[{"href":"https:\/\/www.ro-spain.com\/pl\/wp-json\/wp\/v2\/types\/page"}],"author":[{"embeddable":true,"href":"https:\/\/www.ro-spain.com\/pl\/wp-json\/wp\/v2\/users\/1"}],"replies":[{"embeddable":true,"href":"https:\/\/www.ro-spain.com\/pl\/wp-json\/wp\/v2\/comments?post=131426"}],"version-history":[{"count":12,"href":"https:\/\/www.ro-spain.com\/pl\/wp-json\/wp\/v2\/pages\/131426\/revisions"}],"predecessor-version":[{"id":131791,"href":"https:\/\/www.ro-spain.com\/pl\/wp-json\/wp\/v2\/pages\/131426\/revisions\/131791"}],"wp:attachment":[{"href":"https:\/\/www.ro-spain.com\/pl\/wp-json\/wp\/v2\/media?parent=131426"}],"curies":[{"name":"wp","href":"https:\/\/api.w.org\/{rel}","templated":true}]}}