{"id":42686,"date":"2022-07-28T12:08:00","date_gmt":"2022-07-28T10:08:00","guid":{"rendered":"https:\/\/www.ro-spain.com\/villa-a-medida\/"},"modified":"2024-06-27T13:06:14","modified_gmt":"2024-06-27T11:06:14","slug":"willa-na-zamowienie","status":"publish","type":"page","link":"https:\/\/www.ro-spain.com\/pl\/willa-na-zamowienie\/","title":{"rendered":"Willa na zam\u00f3wienie"},"content":{"rendered":"<div class=\"wpb-content-wrapper\"><p>[vc_row css=&#8221;.vc_custom_1658995489547{margin-bottom: 35px !important;}&#8221;][vc_column width=&#8221;1\/2&#8243;][vc_column_text]<strong>Czy kiedykolwiek wyobra\u017ca\u0142e\u015b sobie sw\u00f3j wymarzony dom, tu\u017c przy pla\u017cy z widokiem na morze?\u00a0 <\/strong><\/p>\n<p>Od 2005 roku specjalizujemy si\u0119 w budowie i sprzeda\u017cy luksusowych willi na zam\u00f3wienie. Zrealizowali\u015bmy kilka projekt\u00f3w w Barcelonie, Blanes, Santa Susanna i Calonge.<\/p>\n<p>Niedawno rozpocz\u0119li\u015bmy budow\u0119 willi na zam\u00f3wienie w pi\u0119knej urokliwej miejscowo\u015bci na wybrze\u017cu Costa Blanca. Znajduje si\u0119 zaledwie 9 km od centrum El Campello i 20 km od mi\u0119dzynarodowego lotniska w Alicante. Okolica jest bardzo dobrze skomunikowana dzi\u0119ki tramwajowi, kt\u00f3ry \u0142\u0105czy Alicante z Deni\u0105, przeje\u017cd\u017caj\u0105c przez El Campello.<\/p>\n<p>Dysponujemy kilkoma dzia\u0142kami po\u0142o\u017conymi w niewielkiej odleg\u0142o\u015bci od pla\u017cy, o powierzchni od 700m2 do 1500m2. Wiele z nich ze spektakularnym widokiem na morze.<\/p>\n<p>Projekt willi wykonujemy zgodnie z \u017cyczeniem klienta, zapewniaj\u0105c sta\u0142\u0105 komunikacj\u0119 pomi\u0119dzy klientem, a naszym architektem.<\/p>\n<p>Ca\u0142kowicie przeprowadzamy i nadzorujemy proces budowlany oraz wyko\u0144czeniowy przyk\u0142adaj\u0105c wielk\u0105 wag\u0119 do materia\u0142\u00f3w najwy\u017cszej jako\u015bci.<\/p>\n<p>Cena willi od 1.550.000 euro (+ VAT). Ceny uzale\u017cnione s\u0105 od wielko\u015bci i po\u0142o\u017cenia dzia\u0142ki.<\/p>\n<p>Chcia\u0142by\u015b uzyska\u0107 wi\u0119cej informacji lub masz pytania? Nie wahaj si\u0119 wys\u0142a\u0107 e-maila na adres <a href=\"mailto:info@ro-spain.com\">info@ro-spain.com<\/a>[\/vc_column_text][\/vc_column][vc_column width=&#8221;1\/2&#8243;][vc_single_image image=&#8221;42674&#8243; img_size=&#8221;555&#215;700&#8243; alignment=&#8221;center&#8221;][\/vc_column][\/vc_row][vc_row css=&#8221;.vc_custom_1658995431224{margin-bottom: 0px !important;}&#8221;][vc_column][vc_video link=&#8221;https:\/\/youtu.be\/W1fZ5VPsVHI&#8221; align=&#8221;center&#8221;][\/vc_column][\/vc_row]<\/p>\n<\/div>","protected":false},"excerpt":{"rendered":"<p>[vc_row css=&#8221;.vc_custom_1658995489547{margin-bottom: 35px !important;}&#8221;][vc_column width=&#8221;1\/2&#8243;][vc_column_text]Czy kiedykolwiek wyobra\u017ca\u0142e\u015b sobie sw\u00f3j wymarzony dom, tu\u017c przy pla\u017cy z widokiem na morze?\u00a0 Od 2005 roku specjalizujemy si\u0119 w budowie i sprzeda\u017cy luksusowych willi na zam\u00f3wienie. Zrealizowali\u015bmy kilka projekt\u00f3w w Barcelonie, Blanes, Santa Susanna i Calonge. Niedawno rozpocz\u0119li\u015bmy budow\u0119 willi na zam\u00f3wienie w pi\u0119knej urokliwej miejscowo\u015bci na wybrze\u017cu Costa Blanca&#8230;.<\/p>\n","protected":false},"author":1,"featured_media":0,"parent":0,"menu_order":0,"comment_status":"closed","ping_status":"closed","template":"","meta":{"footnotes":""},"class_list":["post-42686","page","type-page","status-publish","hentry"],"aioseo_notices":[],"_links":{"self":[{"href":"https:\/\/www.ro-spain.com\/pl\/wp-json\/wp\/v2\/pages\/42686","targetHints":{"allow":["GET"]}}],"collection":[{"href":"https:\/\/www.ro-spain.com\/pl\/wp-json\/wp\/v2\/pages"}],"about":[{"href":"https:\/\/www.ro-spain.com\/pl\/wp-json\/wp\/v2\/types\/page"}],"author":[{"embeddable":true,"href":"https:\/\/www.ro-spain.com\/pl\/wp-json\/wp\/v2\/users\/1"}],"replies":[{"embeddable":true,"href":"https:\/\/www.ro-spain.com\/pl\/wp-json\/wp\/v2\/comments?post=42686"}],"version-history":[{"count":4,"href":"https:\/\/www.ro-spain.com\/pl\/wp-json\/wp\/v2\/pages\/42686\/revisions"}],"predecessor-version":[{"id":112826,"href":"https:\/\/www.ro-spain.com\/pl\/wp-json\/wp\/v2\/pages\/42686\/revisions\/112826"}],"wp:attachment":[{"href":"https:\/\/www.ro-spain.com\/pl\/wp-json\/wp\/v2\/media?parent=42686"}],"curies":[{"name":"wp","href":"https:\/\/api.w.org\/{rel}","templated":true}]}}