{"id":7181,"date":"2018-08-08T12:21:00","date_gmt":"2018-08-08T10:21:00","guid":{"rendered":"https:\/\/www.ro-spain.com\/viaje-de-inspeccion-a-espana\/"},"modified":"2021-11-25T13:40:55","modified_gmt":"2021-11-25T12:40:55","slug":"wycieczka-zapoznawcza-ro-spain","status":"publish","type":"page","link":"https:\/\/www.ro-spain.com\/pl\/wycieczka-zapoznawcza-ro-spain\/","title":{"rendered":"Wycieczka zapoznawcza RO Spain"},"content":{"rendered":"<div class=\"wpb-content-wrapper\"><p>[vc_row][vc_column css_animation=&#8221;none&#8221;][vc_column_text]<strong>RO Spain Real<\/strong> zaprasza do poznania najpi\u0119kniejszych dom\u00f3w i okolic na hiszpa\u0144skim wybrze\u017cu podczas 3-dniowej wycieczki.<\/p>\n<p>Aby m\u00f3c w\u0142a\u015bciwie oceni\u0107 \u015brodowisko i domy, wa\u017cne jest, aby osobi\u015bcie poczu\u0107 atmosfer\u0119 i zobaczy\u0107 projekty. Zdj\u0119cia i filmy nie oddaj\u0105 w pe\u0142ni uroku tego miejsca.<\/p>\n<p><strong>ZWIEDZANIE COSTA BLANCA \/ COSTA C\u00c1LIDA<\/strong><\/p>\n<p><img loading=\"lazy\" decoding=\"async\" class=\" wp-image-4370 alignleft\" src=\"https:\/\/www.ro-spain.com\/wp-content\/uploads\/2018\/10\/DSC01000-1-300x200.jpg\" alt=\"\" width=\"388\" height=\"258\" srcset=\"https:\/\/www.ro-spain.com\/wp-content\/uploads\/2018\/10\/DSC01000-1-300x200.jpg 300w, https:\/\/www.ro-spain.com\/wp-content\/uploads\/2018\/10\/DSC01000-1-768x511.jpg 768w, https:\/\/www.ro-spain.com\/wp-content\/uploads\/2018\/10\/DSC01000-1-1024x682.jpg 1024w, https:\/\/www.ro-spain.com\/wp-content\/uploads\/2018\/10\/DSC01000-1-150x100.jpg 150w, https:\/\/www.ro-spain.com\/wp-content\/uploads\/2018\/10\/DSC01000-1-244x163.jpg 244w, https:\/\/www.ro-spain.com\/wp-content\/uploads\/2018\/10\/DSC01000-1.jpg 1622w\" sizes=\"auto, (max-width: 388px) 100vw, 388px\" \/>Na podstawie Twoich oczekiwa\u0144 dokonujemy wyboru dom\u00f3w spe\u0142niaj\u0105cych Twoje wymagania. Aby\u015b mia\u0142 pe\u0142ne i jasne wyobra\u017cenie prze\u015blemy Ci informacje, dotycz\u0105ce dom\u00f3w i otoczenia.<\/p>\n<p>Je\u015bli powa\u017cnie interesujesz si\u0119 jednym lub kilkoma projektami\/domami, zorganizujemy dla Ciebie wycieczk\u0119 zapoznawcz\u0105.<\/p>\n<p>Podczas podr\u00f3\u017cy zapoznawczej pokazujemy Ci okolice i wyb\u00f3r nieruchomo\u015bci. Udzielamy informacji dotycz\u0105cych \u015brodowiska, zakupu nieruchomo\u015bci w Hiszpanii, podatk\u00f3w i wszystkiego, co musisz wzi\u0105\u0107 pod uwag\u0119.<\/p>\n<p>Zorganizujemy pobyt w hotelu 4-5 gwiazdkowym w przyst\u0119pnej cenie.<\/p>\n<p>Zarezerwuj 3-dniow\u0105 wycieczk\u0119 zapoznawcz\u0105 i ciesz si\u0119 s\u0142oneczn\u0105 Hiszpani\u0105 podczas pobytu.<\/p>\n<p><img loading=\"lazy\" decoding=\"async\" class=\"alignright\" src=\"http:\/\/www.ro-spain.com\/wp-content\/uploads\/2018\/08\/Playa-de-Rodas.jpg\" alt=\"Playa de Rodas\" width=\"400\" height=\"300\" \/><\/p>\n<p><strong>DZIE\u0143 1<\/strong><\/p>\n<p>W pierwszym dniu Twojego przylotu do Hiszpanii, odbierzemy Ci\u0119 z lotniska i zaprezentujemy otoczenie, a tak\u017ce mn\u00f3stwo r\u00f3\u017cnych dom\u00f3w i projekt\u00f3w.<\/p>\n<p><strong>DZIE\u0143 2<\/strong><\/p>\n<p>Drugiego dnia odwiedzimy te domy, kt\u00f3re Ci\u0119 najbardziej zainteresowa\u0142y. Ponadto wyja\u015bnimy wszystko, co powiniene\u015b wiedzie\u0107 o procesie zakupu. Je\u017celi sobie tego \u017cyczysz, przedstawiamy je prawnikowi, aby\u015b m\u00f3g\u0142 rozchwia\u0107 wszelkie swoje w\u0105tpliwo\u015bci.<\/p>\n<p><strong>DZIE\u0143 3<\/strong><\/p>\n<p>Po s\u0142onecznym pobycie w Hiszpanii i pozytywnych wra\u017ceniach, zabierzemy Ci\u0119 na lotnisko, prawdopodobnie jako szcz\u0119\u015bliwego w\u0142a\u015bciciela wymarzonego domu w Hiszpanii![\/vc_column_text][\/vc_column][\/vc_row][vc_row][vc_column]<div id=\"ere_shortcode_1\"  class=\"ere_latest_properties_ajax ere_ele_property_ajax_target\"><div class=\"home-properties-section-inner-target\"><div class=\"grid-layout property-grid inspiry-shortcode\"><div class=\"list-container rh_shortcode_cols_2 clearfix\"><article class=\"rh_prop_card rh_prop_card--listing\">\n    <div class=\"rh_prop_card__wrap\">\n\t\t            <div class=\"rh_label rh_label__property_grid\">\n                <div class=\"rh_label__wrap\">\n\t\t\t\t\tFeatured                    <span><\/span>\n                <\/div>\n            <\/div><!-- \/.rh_label -->\n\t\t\n        <figure class=\"rh_prop_card__thumbnail\">\n            <div class=\"rh_figure_property_one\">\n                <a href=\"https:\/\/www.ro-spain.com\/pl\/property\/wspaniala-wolnostojaca-willa-w-dolores\/\">\n\t\t\t\t\t<img loading=\"lazy\" decoding=\"async\" width=\"680\" height=\"510\" src=\"https:\/\/www.ro-spain.com\/wp-content\/uploads\/2024\/01\/3-Paris-VII-Exterior-2-680x510.jpg\" class=\"attachment-modern-property-child-slider size-modern-property-child-slider wp-post-image\" alt=\"\" \/>                <\/a>\n\n                <div class=\"rh_overlay\"><\/div>\n                <div class=\"rh_overlay__contents rh_overlay__fadeIn-bottom\">\n                    <a href=\"https:\/\/www.ro-spain.com\/pl\/property\/wspaniala-wolnostojaca-willa-w-dolores\/\">View Property<\/a>\n                <\/div>\n                <!-- \/.rh_overlay__contents -->\n\n\t\t\t\t            <\/div>\n\n            <!-- Property views counter -->\n\t        \n            <div class=\"rh_prop_card__btns\">\n\t\t\t\t                    <span class=\"favorite-btn-wrap favorite-btn-106742\">\n\t\t\t\t\t\t\t<span class=\"favorite-placeholder highlight__red hide user_not_logged_in\" data-propertyid=\"106742\"  data-tooltip=\"Added to favorites\" >\n\t\t\t\t\t\t\t\t<svg xmlns=\"http:\/\/www.w3.org\/2000\/svg\" width=\"24\" height=\"24\" viewBox=\"0 0 24 21\">\n  <path class=\"rh_svg\" d=\"M1089.48,1923.98a6.746,6.746,0,0,1,9.54,9.54L1089,1943l-10.02-9.48a6.746,6.746,0,0,1,9.54-9.54A0.641,0.641,0,0,0,1089.48,1923.98Z\" transform=\"translate(-1077 -1922)\"\/>\n<\/svg>\t\t\t\t\t\t\t<\/span>\n\t\t\t\t\t\t\t<a href=\"#\" class=\"favorite add-to-favorite user_not_logged_in\" data-propertyid=\"106742\"  data-tooltip=\"Add to favorites\" >\n\t\t\t\t\t\t\t\t<svg xmlns=\"http:\/\/www.w3.org\/2000\/svg\" width=\"24\" height=\"24\" viewBox=\"0 0 24 21\">\n  <path class=\"rh_svg\" d=\"M1089.48,1923.98a6.746,6.746,0,0,1,9.54,9.54L1089,1943l-10.02-9.48a6.746,6.746,0,0,1,9.54-9.54A0.641,0.641,0,0,0,1089.48,1923.98Z\" transform=\"translate(-1077 -1922)\"\/>\n<\/svg>\t\t\t\t\t\t\t<\/a>\n\t\t\t\t\t\t<\/span>\n\t\t\t\t\t            <\/div>\n            <!-- \/.rh_prop_card__btns -->\n        <\/figure>\n        <!-- \/.rh_prop_card__thumbnail -->\n\n        <div class=\"rh_prop_card__details\">\n            <h3><a href=\"https:\/\/www.ro-spain.com\/pl\/property\/wspaniala-wolnostojaca-willa-w-dolores\/\">Wspania\u0142a wolnostoj\u0105ca willa w Dolores<\/a><\/h3>\n\t\t\t            <p class=\"rh_prop_card__excerpt\">Wspania\u0142a&hellip;<\/p>\n            <div class=\"rh_prop_card__meta_wrap\">\n\t\t\t\t    <div class=\"rh_prop_card_meta_theme_stylish\">\n\t\t            <div class=\"rh_prop_card__meta\">\n\t\t\t\t                    <span class=\"rh_meta_titles\">Sypialnie<\/span>\n\t\t\t\t\t                <div class=\"rh_meta_icon_wrapper\">\n\t\t\t\t\t<svg class=\"rh_svg\" xmlns=\"http:\/\/www.w3.org\/2000\/svg\" width=\"24\" height=\"24\" viewBox=\"0 0 24 24\">\n <defs>\n  <\/defs>\n  <path d=\"M1111.91,600.993h16.17a2.635,2.635,0,0,1,2.68,1.773l1.21,11.358a2.456,2.456,0,0,1-2.61,2.875h-18.73a2.46,2.46,0,0,1-2.61-2.875l1.21-11.358A2.635,2.635,0,0,1,1111.91,600.993Zm0.66-7.994h3.86c1.09,0,2.57.135,2.57,1l0.01,3.463c0.14,0.838-1.72,1.539-2.93,1.539h-4.17c-1.21,0-2.07-.7-1.92-1.539l0.37-3.139A2.146,2.146,0,0,1,1112.57,593Zm11,0h3.86a2.123,2.123,0,0,1,2.2,1.325l0.38,3.139c0.14,0.838-.72,1.539-1.93,1.539h-5.17c-1.21,0-2.07-.7-1.92-1.539L1121,594C1121,593.1,1122.48,593,1123.57,593Z\" transform=\"translate(-1108 -593)\"\/>\n<\/svg>\n                    <span class=\"figure\">\n                        3                    <\/span>\n\t\t\t\t\t                <\/div>\n            <\/div>\n\t\t\t            <div class=\"rh_prop_card__meta\">\n\t\t\t\t                    <span class=\"rh_meta_titles\">\u0141azienki<\/span>\n\t\t\t\t\t                <div class=\"rh_meta_icon_wrapper\">\n\t\t\t\t\t<svg class=\"rh_svg\" xmlns=\"http:\/\/www.w3.org\/2000\/svg\" width=\"23.69\" height=\"24\" viewBox=\"0 0 23.69 24\">\n  <path d=\"M1204,601a8,8,0,0,1,16,0v16h-2V601a6,6,0,0,0-12,0v1h-2v-1Zm7,6a6,6,0,0,0-12,0h12Zm-6,2a1,1,0,0,1,1,1v1a1,1,0,0,1-2,0v-1A1,1,0,0,1,1205,609Zm0,5a1,1,0,0,1,1,1v1a1,1,0,0,1-2,0v-1A1,1,0,0,1,1205,614Zm4.94-5.343a1,1,0,0,1,1.28.6l0.69,0.878a1,1,0,0,1-1.88.685l-0.69-.879A1,1,0,0,1,1209.94,608.657Zm2.05,4.638a1,1,0,0,1,1.28.6l0.35,0.94a1.008,1.008,0,0,1-.6,1.282,1,1,0,0,1-1.28-.6l-0.35-.939A1.008,1.008,0,0,1,1211.99,613.295Zm-11.93-4.638a1,1,0,0,1,.6,1.282l-0.69.879a1,1,0,1,1-1.87-.682l0.68-.88A1,1,0,0,1,1200.06,608.657Zm-2.05,4.639a1,1,0,0,1,.6,1.281l-0.34.941a1,1,0,0,1-1.88-.683l0.34-.94A1,1,0,0,1,1198.01,613.3Z\" transform=\"translate(-1196.31 -593)\"\/>\n<\/svg>\n                    <span class=\"figure\">\n                        3                    <\/span>\n\t\t\t\t\t                <\/div>\n            <\/div>\n\t\t\t            <div class=\"rh_prop_card__meta\">\n\t\t\t\t                    <span class=\"rh_meta_titles\">Powierzchnia<\/span>\n\t\t\t\t\t                <div class=\"rh_meta_icon_wrapper\">\n\t\t\t\t\t<svg class=\"rh_svg\" version=\"1.1\" xmlns=\"http:\/\/www.w3.org\/2000\/svg\" xmlns:xlink=\"http:\/\/www.w3.org\/1999\/xlink\" x=\"0px\" y=\"0px\"\n\t width=\"24px\" height=\"24px\" viewBox=\"0 0 24 24\" enable-background=\"new 0 0 24 24\" xml:space=\"preserve\">\n<g>\n\t<circle cx=\"2\" cy=\"2\" r=\"2\"\/>\n<\/g>\n<g>\n\t<circle cx=\"2\" cy=\"22\" r=\"2\"\/>\n<\/g>\n<g>\n\t<circle cx=\"22\" cy=\"2\" r=\"2\"\/>\n<\/g>\n<rect x=\"1\" y=\"1\" width=\"2\" height=\"22\"\/>\n<rect x=\"1\" y=\"1\" width=\"22\" height=\"2\"\/>\n<path opacity=\"0.5\" d=\"M23,20.277V1h-2v19.277C20.7,20.452,20.452,20.7,20.277,21H1v2h19.277c0.347,0.596,0.984,1,1.723,1\n\tc1.104,0,2-0.896,2-2C24,21.262,23.596,20.624,23,20.277z\"\/>\n<\/svg>\n                    <span class=\"figure\">\n                        144                    <\/span>\n\t\t\t\t\t                            <span class=\"label\">m2<\/span>\n\t\t\t\t\t\t\t                <\/div>\n            <\/div>\n\t\t\t    <\/div>\n\t            <\/div><!-- \/.rh_prop_card__meta_wrap -->\n\n\t\t\t                <div class=\"rh_prop_card__priceLabel\">\n                    <span class=\"rh_prop_card__status\">Rynek Pierwotny<\/span>\n                    <p class=\"rh_prop_card__price\">\n\t\t\t\t\t\t \u20ac415.000                     <\/p>\n                <\/div>\n                <!-- \/.rh_prop_card__priceLabel -->\n\t\t\t        <\/div>\n        <!-- \/.rh_prop_card__details -->\n\n    <\/div>\n    <!-- \/.rh_prop_card__wrap -->\n\n<\/article><!-- \/.rh_prop_card --><article class=\"rh_prop_card rh_prop_card--listing\">\n    <div class=\"rh_prop_card__wrap\">\n\t\t            <div class=\"rh_label rh_label__property_grid\">\n                <div class=\"rh_label__wrap\">\n\t\t\t\t\tFeatured                    <span><\/span>\n                <\/div>\n            <\/div><!-- \/.rh_label -->\n\t\t\n        <figure class=\"rh_prop_card__thumbnail\">\n            <div class=\"rh_figure_property_one\">\n                <a href=\"https:\/\/www.ro-spain.com\/pl\/property\/wolnostojace-wille-w-los-alcazares-murcia\/\">\n\t\t\t\t\t<img loading=\"lazy\" decoding=\"async\" width=\"680\" height=\"510\" src=\"https:\/\/www.ro-spain.com\/wp-content\/uploads\/2023\/12\/3-4-680x510.jpg\" class=\"attachment-modern-property-child-slider size-modern-property-child-slider wp-post-image\" alt=\"\" \/>                <\/a>\n\n                <div class=\"rh_overlay\"><\/div>\n                <div class=\"rh_overlay__contents rh_overlay__fadeIn-bottom\">\n                    <a href=\"https:\/\/www.ro-spain.com\/pl\/property\/wolnostojace-wille-w-los-alcazares-murcia\/\">View Property<\/a>\n                <\/div>\n                <!-- \/.rh_overlay__contents -->\n\n\t\t\t\t            <\/div>\n\n            <!-- Property views counter -->\n\t        \n            <div class=\"rh_prop_card__btns\">\n\t\t\t\t                    <span class=\"favorite-btn-wrap favorite-btn-106757\">\n\t\t\t\t\t\t\t<span class=\"favorite-placeholder highlight__red hide user_not_logged_in\" data-propertyid=\"106757\"  data-tooltip=\"Added to favorites\" >\n\t\t\t\t\t\t\t\t<svg xmlns=\"http:\/\/www.w3.org\/2000\/svg\" width=\"24\" height=\"24\" viewBox=\"0 0 24 21\">\n  <path class=\"rh_svg\" d=\"M1089.48,1923.98a6.746,6.746,0,0,1,9.54,9.54L1089,1943l-10.02-9.48a6.746,6.746,0,0,1,9.54-9.54A0.641,0.641,0,0,0,1089.48,1923.98Z\" transform=\"translate(-1077 -1922)\"\/>\n<\/svg>\t\t\t\t\t\t\t<\/span>\n\t\t\t\t\t\t\t<a href=\"#\" class=\"favorite add-to-favorite user_not_logged_in\" data-propertyid=\"106757\"  data-tooltip=\"Add to favorites\" >\n\t\t\t\t\t\t\t\t<svg xmlns=\"http:\/\/www.w3.org\/2000\/svg\" width=\"24\" height=\"24\" viewBox=\"0 0 24 21\">\n  <path class=\"rh_svg\" d=\"M1089.48,1923.98a6.746,6.746,0,0,1,9.54,9.54L1089,1943l-10.02-9.48a6.746,6.746,0,0,1,9.54-9.54A0.641,0.641,0,0,0,1089.48,1923.98Z\" transform=\"translate(-1077 -1922)\"\/>\n<\/svg>\t\t\t\t\t\t\t<\/a>\n\t\t\t\t\t\t<\/span>\n\t\t\t\t\t            <\/div>\n            <!-- \/.rh_prop_card__btns -->\n        <\/figure>\n        <!-- \/.rh_prop_card__thumbnail -->\n\n        <div class=\"rh_prop_card__details\">\n            <h3><a href=\"https:\/\/www.ro-spain.com\/pl\/property\/wolnostojace-wille-w-los-alcazares-murcia\/\">Wolnostoj\u0105ce wille w Los Alcazares, Murcia\u00a0<\/a><\/h3>\n\t\t\t            <p class=\"rh_prop_card__excerpt\">Pi\u0119kne&hellip;<\/p>\n            <div class=\"rh_prop_card__meta_wrap\">\n\t\t\t\t    <div class=\"rh_prop_card_meta_theme_stylish\">\n\t\t            <div class=\"rh_prop_card__meta\">\n\t\t\t\t                    <span class=\"rh_meta_titles\">Sypialnie<\/span>\n\t\t\t\t\t                <div class=\"rh_meta_icon_wrapper\">\n\t\t\t\t\t<svg class=\"rh_svg\" xmlns=\"http:\/\/www.w3.org\/2000\/svg\" width=\"24\" height=\"24\" viewBox=\"0 0 24 24\">\n <defs>\n  <\/defs>\n  <path d=\"M1111.91,600.993h16.17a2.635,2.635,0,0,1,2.68,1.773l1.21,11.358a2.456,2.456,0,0,1-2.61,2.875h-18.73a2.46,2.46,0,0,1-2.61-2.875l1.21-11.358A2.635,2.635,0,0,1,1111.91,600.993Zm0.66-7.994h3.86c1.09,0,2.57.135,2.57,1l0.01,3.463c0.14,0.838-1.72,1.539-2.93,1.539h-4.17c-1.21,0-2.07-.7-1.92-1.539l0.37-3.139A2.146,2.146,0,0,1,1112.57,593Zm11,0h3.86a2.123,2.123,0,0,1,2.2,1.325l0.38,3.139c0.14,0.838-.72,1.539-1.93,1.539h-5.17c-1.21,0-2.07-.7-1.92-1.539L1121,594C1121,593.1,1122.48,593,1123.57,593Z\" transform=\"translate(-1108 -593)\"\/>\n<\/svg>\n                    <span class=\"figure\">\n                        3                    <\/span>\n\t\t\t\t\t                <\/div>\n            <\/div>\n\t\t\t            <div class=\"rh_prop_card__meta\">\n\t\t\t\t                    <span class=\"rh_meta_titles\">\u0141azienki<\/span>\n\t\t\t\t\t                <div class=\"rh_meta_icon_wrapper\">\n\t\t\t\t\t<svg class=\"rh_svg\" xmlns=\"http:\/\/www.w3.org\/2000\/svg\" width=\"23.69\" height=\"24\" viewBox=\"0 0 23.69 24\">\n  <path d=\"M1204,601a8,8,0,0,1,16,0v16h-2V601a6,6,0,0,0-12,0v1h-2v-1Zm7,6a6,6,0,0,0-12,0h12Zm-6,2a1,1,0,0,1,1,1v1a1,1,0,0,1-2,0v-1A1,1,0,0,1,1205,609Zm0,5a1,1,0,0,1,1,1v1a1,1,0,0,1-2,0v-1A1,1,0,0,1,1205,614Zm4.94-5.343a1,1,0,0,1,1.28.6l0.69,0.878a1,1,0,0,1-1.88.685l-0.69-.879A1,1,0,0,1,1209.94,608.657Zm2.05,4.638a1,1,0,0,1,1.28.6l0.35,0.94a1.008,1.008,0,0,1-.6,1.282,1,1,0,0,1-1.28-.6l-0.35-.939A1.008,1.008,0,0,1,1211.99,613.295Zm-11.93-4.638a1,1,0,0,1,.6,1.282l-0.69.879a1,1,0,1,1-1.87-.682l0.68-.88A1,1,0,0,1,1200.06,608.657Zm-2.05,4.639a1,1,0,0,1,.6,1.281l-0.34.941a1,1,0,0,1-1.88-.683l0.34-.94A1,1,0,0,1,1198.01,613.3Z\" transform=\"translate(-1196.31 -593)\"\/>\n<\/svg>\n                    <span class=\"figure\">\n                        2                    <\/span>\n\t\t\t\t\t                <\/div>\n            <\/div>\n\t\t\t            <div class=\"rh_prop_card__meta\">\n\t\t\t\t                    <span class=\"rh_meta_titles\">Powierzchnia<\/span>\n\t\t\t\t\t                <div class=\"rh_meta_icon_wrapper\">\n\t\t\t\t\t<svg class=\"rh_svg\" version=\"1.1\" xmlns=\"http:\/\/www.w3.org\/2000\/svg\" xmlns:xlink=\"http:\/\/www.w3.org\/1999\/xlink\" x=\"0px\" y=\"0px\"\n\t width=\"24px\" height=\"24px\" viewBox=\"0 0 24 24\" enable-background=\"new 0 0 24 24\" xml:space=\"preserve\">\n<g>\n\t<circle cx=\"2\" cy=\"2\" r=\"2\"\/>\n<\/g>\n<g>\n\t<circle cx=\"2\" cy=\"22\" r=\"2\"\/>\n<\/g>\n<g>\n\t<circle cx=\"22\" cy=\"2\" r=\"2\"\/>\n<\/g>\n<rect x=\"1\" y=\"1\" width=\"2\" height=\"22\"\/>\n<rect x=\"1\" y=\"1\" width=\"22\" height=\"2\"\/>\n<path opacity=\"0.5\" d=\"M23,20.277V1h-2v19.277C20.7,20.452,20.452,20.7,20.277,21H1v2h19.277c0.347,0.596,0.984,1,1.723,1\n\tc1.104,0,2-0.896,2-2C24,21.262,23.596,20.624,23,20.277z\"\/>\n<\/svg>\n                    <span class=\"figure\">\n                        103                    <\/span>\n\t\t\t\t\t                            <span class=\"label\">m2<\/span>\n\t\t\t\t\t\t\t                <\/div>\n            <\/div>\n\t\t\t    <\/div>\n\t            <\/div><!-- \/.rh_prop_card__meta_wrap -->\n\n\t\t\t                <div class=\"rh_prop_card__priceLabel\">\n                    <span class=\"rh_prop_card__status\">Rynek Pierwotny<\/span>\n                    <p class=\"rh_prop_card__price\">\n\t\t\t\t\t\t \u20ac419.900                     <\/p>\n                <\/div>\n                <!-- \/.rh_prop_card__priceLabel -->\n\t\t\t        <\/div>\n        <!-- \/.rh_prop_card__details -->\n\n    <\/div>\n    <!-- \/.rh_prop_card__wrap -->\n\n<\/article><!-- \/.rh_prop_card --><article class=\"rh_prop_card rh_prop_card--listing\">\n    <div class=\"rh_prop_card__wrap\">\n\t\t            <div class=\"rh_label rh_label__property_grid\">\n                <div class=\"rh_label__wrap\">\n\t\t\t\t\tFeatured                    <span><\/span>\n                <\/div>\n            <\/div><!-- \/.rh_label -->\n\t\t\n        <figure class=\"rh_prop_card__thumbnail\">\n            <div class=\"rh_figure_property_one\">\n                <a href=\"https:\/\/www.ro-spain.com\/pl\/property\/ekskluzywne-apartamenty-z-widokiem-na-morze-i-gory-w-finestrat\/\">\n\t\t\t\t\t<img loading=\"lazy\" decoding=\"async\" width=\"680\" height=\"510\" src=\"https:\/\/www.ro-spain.com\/wp-content\/uploads\/2023\/12\/5-4-680x510.jpg\" class=\"attachment-modern-property-child-slider size-modern-property-child-slider wp-post-image\" alt=\"\" \/>                <\/a>\n\n                <div class=\"rh_overlay\"><\/div>\n                <div class=\"rh_overlay__contents rh_overlay__fadeIn-bottom\">\n                    <a href=\"https:\/\/www.ro-spain.com\/pl\/property\/ekskluzywne-apartamenty-z-widokiem-na-morze-i-gory-w-finestrat\/\">View Property<\/a>\n                <\/div>\n                <!-- \/.rh_overlay__contents -->\n\n\t\t\t\t            <\/div>\n\n            <!-- Property views counter -->\n\t        \n            <div class=\"rh_prop_card__btns\">\n\t\t\t\t                    <span class=\"favorite-btn-wrap favorite-btn-106751\">\n\t\t\t\t\t\t\t<span class=\"favorite-placeholder highlight__red hide user_not_logged_in\" data-propertyid=\"106751\"  data-tooltip=\"Added to favorites\" >\n\t\t\t\t\t\t\t\t<svg xmlns=\"http:\/\/www.w3.org\/2000\/svg\" width=\"24\" height=\"24\" viewBox=\"0 0 24 21\">\n  <path class=\"rh_svg\" d=\"M1089.48,1923.98a6.746,6.746,0,0,1,9.54,9.54L1089,1943l-10.02-9.48a6.746,6.746,0,0,1,9.54-9.54A0.641,0.641,0,0,0,1089.48,1923.98Z\" transform=\"translate(-1077 -1922)\"\/>\n<\/svg>\t\t\t\t\t\t\t<\/span>\n\t\t\t\t\t\t\t<a href=\"#\" class=\"favorite add-to-favorite user_not_logged_in\" data-propertyid=\"106751\"  data-tooltip=\"Add to favorites\" >\n\t\t\t\t\t\t\t\t<svg xmlns=\"http:\/\/www.w3.org\/2000\/svg\" width=\"24\" height=\"24\" viewBox=\"0 0 24 21\">\n  <path class=\"rh_svg\" d=\"M1089.48,1923.98a6.746,6.746,0,0,1,9.54,9.54L1089,1943l-10.02-9.48a6.746,6.746,0,0,1,9.54-9.54A0.641,0.641,0,0,0,1089.48,1923.98Z\" transform=\"translate(-1077 -1922)\"\/>\n<\/svg>\t\t\t\t\t\t\t<\/a>\n\t\t\t\t\t\t<\/span>\n\t\t\t\t\t            <\/div>\n            <!-- \/.rh_prop_card__btns -->\n        <\/figure>\n        <!-- \/.rh_prop_card__thumbnail -->\n\n        <div class=\"rh_prop_card__details\">\n            <h3><a href=\"https:\/\/www.ro-spain.com\/pl\/property\/ekskluzywne-apartamenty-z-widokiem-na-morze-i-gory-w-finestrat\/\">Ekskluzywne apartamenty z widokiem na morze i g\u00f3ry w Finestrat\u00a0<\/a><\/h3>\n\t\t\t            <p class=\"rh_prop_card__excerpt\">Ekskluzywne&hellip;<\/p>\n            <div class=\"rh_prop_card__meta_wrap\">\n\t\t\t\t    <div class=\"rh_prop_card_meta_theme_stylish\">\n\t\t            <div class=\"rh_prop_card__meta\">\n\t\t\t\t                    <span class=\"rh_meta_titles\">Sypialnie<\/span>\n\t\t\t\t\t                <div class=\"rh_meta_icon_wrapper\">\n\t\t\t\t\t<svg class=\"rh_svg\" xmlns=\"http:\/\/www.w3.org\/2000\/svg\" width=\"24\" height=\"24\" viewBox=\"0 0 24 24\">\n <defs>\n  <\/defs>\n  <path d=\"M1111.91,600.993h16.17a2.635,2.635,0,0,1,2.68,1.773l1.21,11.358a2.456,2.456,0,0,1-2.61,2.875h-18.73a2.46,2.46,0,0,1-2.61-2.875l1.21-11.358A2.635,2.635,0,0,1,1111.91,600.993Zm0.66-7.994h3.86c1.09,0,2.57.135,2.57,1l0.01,3.463c0.14,0.838-1.72,1.539-2.93,1.539h-4.17c-1.21,0-2.07-.7-1.92-1.539l0.37-3.139A2.146,2.146,0,0,1,1112.57,593Zm11,0h3.86a2.123,2.123,0,0,1,2.2,1.325l0.38,3.139c0.14,0.838-.72,1.539-1.93,1.539h-5.17c-1.21,0-2.07-.7-1.92-1.539L1121,594C1121,593.1,1122.48,593,1123.57,593Z\" transform=\"translate(-1108 -593)\"\/>\n<\/svg>\n                    <span class=\"figure\">\n                        2                    <\/span>\n\t\t\t\t\t                <\/div>\n            <\/div>\n\t\t\t            <div class=\"rh_prop_card__meta\">\n\t\t\t\t                    <span class=\"rh_meta_titles\">\u0141azienki<\/span>\n\t\t\t\t\t                <div class=\"rh_meta_icon_wrapper\">\n\t\t\t\t\t<svg class=\"rh_svg\" xmlns=\"http:\/\/www.w3.org\/2000\/svg\" width=\"23.69\" height=\"24\" viewBox=\"0 0 23.69 24\">\n  <path d=\"M1204,601a8,8,0,0,1,16,0v16h-2V601a6,6,0,0,0-12,0v1h-2v-1Zm7,6a6,6,0,0,0-12,0h12Zm-6,2a1,1,0,0,1,1,1v1a1,1,0,0,1-2,0v-1A1,1,0,0,1,1205,609Zm0,5a1,1,0,0,1,1,1v1a1,1,0,0,1-2,0v-1A1,1,0,0,1,1205,614Zm4.94-5.343a1,1,0,0,1,1.28.6l0.69,0.878a1,1,0,0,1-1.88.685l-0.69-.879A1,1,0,0,1,1209.94,608.657Zm2.05,4.638a1,1,0,0,1,1.28.6l0.35,0.94a1.008,1.008,0,0,1-.6,1.282,1,1,0,0,1-1.28-.6l-0.35-.939A1.008,1.008,0,0,1,1211.99,613.295Zm-11.93-4.638a1,1,0,0,1,.6,1.282l-0.69.879a1,1,0,1,1-1.87-.682l0.68-.88A1,1,0,0,1,1200.06,608.657Zm-2.05,4.639a1,1,0,0,1,.6,1.281l-0.34.941a1,1,0,0,1-1.88-.683l0.34-.94A1,1,0,0,1,1198.01,613.3Z\" transform=\"translate(-1196.31 -593)\"\/>\n<\/svg>\n                    <span class=\"figure\">\n                        2                    <\/span>\n\t\t\t\t\t                <\/div>\n            <\/div>\n\t\t\t            <div class=\"rh_prop_card__meta\">\n\t\t\t\t                    <span class=\"rh_meta_titles\">Powierzchnia<\/span>\n\t\t\t\t\t                <div class=\"rh_meta_icon_wrapper\">\n\t\t\t\t\t<svg class=\"rh_svg\" version=\"1.1\" xmlns=\"http:\/\/www.w3.org\/2000\/svg\" xmlns:xlink=\"http:\/\/www.w3.org\/1999\/xlink\" x=\"0px\" y=\"0px\"\n\t width=\"24px\" height=\"24px\" viewBox=\"0 0 24 24\" enable-background=\"new 0 0 24 24\" xml:space=\"preserve\">\n<g>\n\t<circle cx=\"2\" cy=\"2\" r=\"2\"\/>\n<\/g>\n<g>\n\t<circle cx=\"2\" cy=\"22\" r=\"2\"\/>\n<\/g>\n<g>\n\t<circle cx=\"22\" cy=\"2\" r=\"2\"\/>\n<\/g>\n<rect x=\"1\" y=\"1\" width=\"2\" height=\"22\"\/>\n<rect x=\"1\" y=\"1\" width=\"22\" height=\"2\"\/>\n<path opacity=\"0.5\" d=\"M23,20.277V1h-2v19.277C20.7,20.452,20.452,20.7,20.277,21H1v2h19.277c0.347,0.596,0.984,1,1.723,1\n\tc1.104,0,2-0.896,2-2C24,21.262,23.596,20.624,23,20.277z\"\/>\n<\/svg>\n                    <span class=\"figure\">\n                        221                    <\/span>\n\t\t\t\t\t                            <span class=\"label\">m2<\/span>\n\t\t\t\t\t\t\t                <\/div>\n            <\/div>\n\t\t\t    <\/div>\n\t            <\/div><!-- \/.rh_prop_card__meta_wrap -->\n\n\t\t\t                <div class=\"rh_prop_card__priceLabel\">\n                    <span class=\"rh_prop_card__status\">Rynek Pierwotny<\/span>\n                    <p class=\"rh_prop_card__price\">\n\t\t\t\t\t\t \u20ac446.300                     <\/p>\n                <\/div>\n                <!-- \/.rh_prop_card__priceLabel -->\n\t\t\t        <\/div>\n        <!-- \/.rh_prop_card__details -->\n\n    <\/div>\n    <!-- \/.rh_prop_card__wrap -->\n\n<\/article><!-- \/.rh_prop_card --><\/div><\/div><div class='ere_pagination_wrapper'><div class='pagination ere-pagination-clean'><a href='https:\/\/www.ro-spain.com\/pl\/wp-json\/wp\/v2\/pages\/7181\/' class='real-btn current' >1<\/a> <a href='https:\/\/www.ro-spain.com\/pl\/wp-json\/wp\/v2\/pages\/7181\/page\/2\/' class='real-btn' >2<\/a> <\/div><\/div><\/div><\/div>[\/vc_column][\/vc_row]<\/p>\n<\/div>","protected":false},"excerpt":{"rendered":"<p>[vc_row][vc_column css_animation=&#8221;none&#8221;][vc_column_text]RO Spain Real zaprasza do poznania najpi\u0119kniejszych dom\u00f3w i okolic na hiszpa\u0144skim wybrze\u017cu podczas 3-dniowej wycieczki. Aby m\u00f3c w\u0142a\u015bciwie oceni\u0107 \u015brodowisko i domy, wa\u017cne jest, aby osobi\u015bcie poczu\u0107 atmosfer\u0119 i zobaczy\u0107 projekty. Zdj\u0119cia i filmy nie oddaj\u0105 w pe\u0142ni uroku tego miejsca. ZWIEDZANIE COSTA BLANCA \/ COSTA C\u00c1LIDA Na podstawie Twoich oczekiwa\u0144 dokonujemy wyboru&#8230;<\/p>\n","protected":false},"author":1,"featured_media":0,"parent":0,"menu_order":0,"comment_status":"closed","ping_status":"closed","template":"","meta":{"footnotes":""},"class_list":["post-7181","page","type-page","status-publish","hentry"],"aioseo_notices":[],"_links":{"self":[{"href":"https:\/\/www.ro-spain.com\/pl\/wp-json\/wp\/v2\/pages\/7181","targetHints":{"allow":["GET"]}}],"collection":[{"href":"https:\/\/www.ro-spain.com\/pl\/wp-json\/wp\/v2\/pages"}],"about":[{"href":"https:\/\/www.ro-spain.com\/pl\/wp-json\/wp\/v2\/types\/page"}],"author":[{"embeddable":true,"href":"https:\/\/www.ro-spain.com\/pl\/wp-json\/wp\/v2\/users\/1"}],"replies":[{"embeddable":true,"href":"https:\/\/www.ro-spain.com\/pl\/wp-json\/wp\/v2\/comments?post=7181"}],"version-history":[{"count":3,"href":"https:\/\/www.ro-spain.com\/pl\/wp-json\/wp\/v2\/pages\/7181\/revisions"}],"predecessor-version":[{"id":32043,"href":"https:\/\/www.ro-spain.com\/pl\/wp-json\/wp\/v2\/pages\/7181\/revisions\/32043"}],"wp:attachment":[{"href":"https:\/\/www.ro-spain.com\/pl\/wp-json\/wp\/v2\/media?parent=7181"}],"curies":[{"name":"wp","href":"https:\/\/api.w.org\/{rel}","templated":true}]}}