{"id":7219,"date":"2018-07-23T08:57:22","date_gmt":"2018-07-23T06:57:22","guid":{"rendered":"https:\/\/www.ro-spain.com\/okolica\/buy-houses-and-apartments-in-torrevieja\/"},"modified":"2019-07-19T09:02:52","modified_gmt":"2019-07-19T07:02:52","slug":"kup-dom-lub-apartament-w-torrevieja","status":"publish","type":"page","link":"https:\/\/www.ro-spain.com\/pl\/okolica\/kup-dom-lub-apartament-w-torrevieja\/","title":{"rendered":"Kup dom lub apartament w Torrevieja"},"content":{"rendered":"<div class=\"wpb-content-wrapper\"><p>[vc_row][vc_column css_animation=&#8221;none&#8221;][vc_column_text]Torrevieja (czyt.Torewiecha) to nadmorska miejscowo\u015b\u0107 po\u0142o\u017cona nad Morzem \u015ar\u00f3dziemnym, 40 minut od Alicante. Torrevieja oznacza dos\u0142ownie \u201estar\u0105 wie\u017c\u0119\u201d. Miasto ma ponad 200 000 mieszka\u0144c\u00f3w. Ale w sezonie mo\u017ce by\u0107 nawet pi\u0119\u0107 razy wi\u0119cej. Najwa\u017cniejszym \u017ar\u00f3d\u0142em dochod\u00f3w dla Torrevieja by\u0142a kiedy\u015b produkcja soli z Salinas w Torrevieja. Obecnie jest to turystyka. To bardzo popularne miejsce wypoczynku dla Europejczyk\u00f3w i Hiszpan\u00f3w.<\/p>\n<p>Coraz wi\u0119cej Polak\u00f3w, Holendr\u00f3w i Belg\u00f3w kupuje sw\u00f3j drugi dom w Hiszpanii. Jest to obecnie najciekawszy kraj, w kt\u00f3rym bardzo \u0142atwo mo\u017cna znale\u017a\u0107 niedrogi dom.<\/p>\n<div id=\"attachment_304\" style=\"width: 510px\" class=\"wp-caption alignright\"><img decoding=\"async\" aria-describedby=\"caption-attachment-304\" src=\"http:\/\/www.ro-spain.com\/wp-content\/uploads\/2018\/07\/torrevieja.jpg\" alt=\"Torrevieja\" width=\"500\" \/><p id=\"caption-attachment-304\" class=\"wp-caption-text\">Torrevieja<\/p><\/div>\n<p>Wiele os\u00f3b decyduje si\u0119 na zakup domu w Torrevieja, poniewa\u017c przyci\u0105ga turyst\u00f3w z Hiszpanii i zagranicy. To sprawia, \u017ce zwrot z wynajmu jest bardzo op\u0142acalny.<\/p>\n<p>La Mata s\u0105siaduje z p\u00f3\u0142nocn\u0105 cz\u0119\u015bci\u0105 Torrevieja i posiada przepi\u0119kne pla\u017ce. Zakup mieszkania jest r\u00f3wnie\u017c dobr\u0105 inwestycj\u0105 bior\u0105c pod uwag\u0119 bardzo du\u017ce zainteresowanie turyst\u00f3w przez ca\u0142y rok.<\/p>\n<p>Na po\u0142udnie od Torrevieja le\u017cy kurort Orihuela Costa, kt\u00f3ry dzieli si\u0119 na dzielnice Punta Prima, Playa Flamenca, Villamartin, Dehesa de Campoamor, Cabo Roig i Milpalmeras. S\u0105 to urokliwe pla\u017ce chwalone b\u0142\u0119kitnymi flagami za jako\u015b\u0107 pla\u017c i port\u00f3w.<\/p>\n<p>W promieniu 20 minut znajduje si\u0119 ponad 20 p\u00f3l golfowych, kt\u00f3re s\u0105 znane ze swojej jako\u015bci i r\u00f3\u017cnorodno\u015bci.<\/p>\n<p>Inwestorzy, kt\u00f3rzy szukaj\u0105 niedrogiego mieszkania lub domu blisko morza, p\u00f3l golfowych i wielu udogodnie\u0144, kt\u00f3re s\u0105 dodatkowym atutem do wynaj\u0119cia, cz\u0119sto decyduj\u0105 si\u0119 na zakup mieszkania w Orihuela Costa, La Mata lub Torrevieja.<\/p>\n<p>Lotnisko w Alicante oddalone jest o 53 kilometry, a mi\u0119dzynarodowe lotnisko San Javier (Murcia) zaledwie 25 minut od Torrevieja.<\/p>\n<p>Ponadto, ze wzgl\u0119du na s\u0142one jeziora, pasmo g\u00f3rskie biegn\u0105ce od Altei do Cartageny i klimat \u015br\u00f3dziemnomorski, obszar ten ma mikroklimat, dzi\u0119ki czemu wi\u0119kszo\u015b\u0107 ludzi cierpi\u0105cy na reumatyzm lub zapalenie staw\u00f3w nie odczuwa dolegliwo\u015bci, a nawet w niekt\u00f3rych przypadkach nie musz\u0105 przyjmowa\u0107 lek\u00f3w.<\/p>\n<p>Nie bez powodu to miejsce zosta\u0142o uznane przez \u015awiatow\u0105 Organizacj\u0119 Zdrowia (WHO) za jedno z najzdrowszych miejsc na ziemi.[\/vc_column_text][\/vc_column][\/vc_row][vc_row][vc_column]<div id=\"ere_shortcode_1\"  class=\"ere_latest_properties_ajax ere_ele_property_ajax_target\"><div class=\"home-properties-section-inner-target\"><div class=\"grid-layout property-grid inspiry-shortcode\"><div class=\"list-container rh_shortcode_cols_2 clearfix\"><article class=\"rh_prop_card rh_prop_card--listing\">\n    <div class=\"rh_prop_card__wrap\">\n\t\t            <div class=\"rh_label rh_label__property_grid\">\n                <div class=\"rh_label__wrap\">\n\t\t\t\t\tFeatured                    <span><\/span>\n                <\/div>\n            <\/div><!-- \/.rh_label -->\n\t\t\n        <figure class=\"rh_prop_card__thumbnail\">\n            <div class=\"rh_figure_property_one\">\n                <a href=\"https:\/\/www.ro-spain.com\/pl\/property\/wspaniala-wolnostojaca-willa-w-dolores\/\">\n\t\t\t\t\t<img loading=\"lazy\" decoding=\"async\" width=\"680\" height=\"510\" src=\"https:\/\/www.ro-spain.com\/wp-content\/uploads\/2024\/01\/3-Paris-VII-Exterior-2-680x510.jpg\" class=\"attachment-modern-property-child-slider size-modern-property-child-slider wp-post-image\" alt=\"\" \/>                <\/a>\n\n                <div class=\"rh_overlay\"><\/div>\n                <div class=\"rh_overlay__contents rh_overlay__fadeIn-bottom\">\n                    <a href=\"https:\/\/www.ro-spain.com\/pl\/property\/wspaniala-wolnostojaca-willa-w-dolores\/\">View Property<\/a>\n                <\/div>\n                <!-- \/.rh_overlay__contents -->\n\n\t\t\t\t            <\/div>\n\n            <!-- Property views counter -->\n\t        \n            <div class=\"rh_prop_card__btns\">\n\t\t\t\t                    <span class=\"favorite-btn-wrap favorite-btn-106742\">\n\t\t\t\t\t\t\t<span class=\"favorite-placeholder highlight__red hide user_not_logged_in\" data-propertyid=\"106742\"  data-tooltip=\"Added to favorites\" >\n\t\t\t\t\t\t\t\t<svg xmlns=\"http:\/\/www.w3.org\/2000\/svg\" width=\"24\" height=\"24\" viewBox=\"0 0 24 21\">\n  <path class=\"rh_svg\" d=\"M1089.48,1923.98a6.746,6.746,0,0,1,9.54,9.54L1089,1943l-10.02-9.48a6.746,6.746,0,0,1,9.54-9.54A0.641,0.641,0,0,0,1089.48,1923.98Z\" transform=\"translate(-1077 -1922)\"\/>\n<\/svg>\t\t\t\t\t\t\t<\/span>\n\t\t\t\t\t\t\t<a href=\"#\" class=\"favorite add-to-favorite user_not_logged_in\" data-propertyid=\"106742\"  data-tooltip=\"Add to favorites\" >\n\t\t\t\t\t\t\t\t<svg xmlns=\"http:\/\/www.w3.org\/2000\/svg\" width=\"24\" height=\"24\" viewBox=\"0 0 24 21\">\n  <path class=\"rh_svg\" d=\"M1089.48,1923.98a6.746,6.746,0,0,1,9.54,9.54L1089,1943l-10.02-9.48a6.746,6.746,0,0,1,9.54-9.54A0.641,0.641,0,0,0,1089.48,1923.98Z\" transform=\"translate(-1077 -1922)\"\/>\n<\/svg>\t\t\t\t\t\t\t<\/a>\n\t\t\t\t\t\t<\/span>\n\t\t\t\t\t            <\/div>\n            <!-- \/.rh_prop_card__btns -->\n        <\/figure>\n        <!-- \/.rh_prop_card__thumbnail -->\n\n        <div class=\"rh_prop_card__details\">\n            <h3><a href=\"https:\/\/www.ro-spain.com\/pl\/property\/wspaniala-wolnostojaca-willa-w-dolores\/\">Wspania\u0142a wolnostoj\u0105ca willa w Dolores<\/a><\/h3>\n\t\t\t            <p class=\"rh_prop_card__excerpt\">Wspania\u0142a&hellip;<\/p>\n            <div class=\"rh_prop_card__meta_wrap\">\n\t\t\t\t    <div class=\"rh_prop_card_meta_theme_stylish\">\n\t\t            <div class=\"rh_prop_card__meta\">\n\t\t\t\t                    <span class=\"rh_meta_titles\">Sypialnie<\/span>\n\t\t\t\t\t                <div class=\"rh_meta_icon_wrapper\">\n\t\t\t\t\t<svg class=\"rh_svg\" xmlns=\"http:\/\/www.w3.org\/2000\/svg\" width=\"24\" height=\"24\" viewBox=\"0 0 24 24\">\n <defs>\n  <\/defs>\n  <path d=\"M1111.91,600.993h16.17a2.635,2.635,0,0,1,2.68,1.773l1.21,11.358a2.456,2.456,0,0,1-2.61,2.875h-18.73a2.46,2.46,0,0,1-2.61-2.875l1.21-11.358A2.635,2.635,0,0,1,1111.91,600.993Zm0.66-7.994h3.86c1.09,0,2.57.135,2.57,1l0.01,3.463c0.14,0.838-1.72,1.539-2.93,1.539h-4.17c-1.21,0-2.07-.7-1.92-1.539l0.37-3.139A2.146,2.146,0,0,1,1112.57,593Zm11,0h3.86a2.123,2.123,0,0,1,2.2,1.325l0.38,3.139c0.14,0.838-.72,1.539-1.93,1.539h-5.17c-1.21,0-2.07-.7-1.92-1.539L1121,594C1121,593.1,1122.48,593,1123.57,593Z\" transform=\"translate(-1108 -593)\"\/>\n<\/svg>\n                    <span class=\"figure\">\n                        3                    <\/span>\n\t\t\t\t\t                <\/div>\n            <\/div>\n\t\t\t            <div class=\"rh_prop_card__meta\">\n\t\t\t\t                    <span class=\"rh_meta_titles\">\u0141azienki<\/span>\n\t\t\t\t\t                <div class=\"rh_meta_icon_wrapper\">\n\t\t\t\t\t<svg class=\"rh_svg\" xmlns=\"http:\/\/www.w3.org\/2000\/svg\" width=\"23.69\" height=\"24\" viewBox=\"0 0 23.69 24\">\n  <path d=\"M1204,601a8,8,0,0,1,16,0v16h-2V601a6,6,0,0,0-12,0v1h-2v-1Zm7,6a6,6,0,0,0-12,0h12Zm-6,2a1,1,0,0,1,1,1v1a1,1,0,0,1-2,0v-1A1,1,0,0,1,1205,609Zm0,5a1,1,0,0,1,1,1v1a1,1,0,0,1-2,0v-1A1,1,0,0,1,1205,614Zm4.94-5.343a1,1,0,0,1,1.28.6l0.69,0.878a1,1,0,0,1-1.88.685l-0.69-.879A1,1,0,0,1,1209.94,608.657Zm2.05,4.638a1,1,0,0,1,1.28.6l0.35,0.94a1.008,1.008,0,0,1-.6,1.282,1,1,0,0,1-1.28-.6l-0.35-.939A1.008,1.008,0,0,1,1211.99,613.295Zm-11.93-4.638a1,1,0,0,1,.6,1.282l-0.69.879a1,1,0,1,1-1.87-.682l0.68-.88A1,1,0,0,1,1200.06,608.657Zm-2.05,4.639a1,1,0,0,1,.6,1.281l-0.34.941a1,1,0,0,1-1.88-.683l0.34-.94A1,1,0,0,1,1198.01,613.3Z\" transform=\"translate(-1196.31 -593)\"\/>\n<\/svg>\n                    <span class=\"figure\">\n                        3                    <\/span>\n\t\t\t\t\t                <\/div>\n            <\/div>\n\t\t\t            <div class=\"rh_prop_card__meta\">\n\t\t\t\t                    <span class=\"rh_meta_titles\">Powierzchnia<\/span>\n\t\t\t\t\t                <div class=\"rh_meta_icon_wrapper\">\n\t\t\t\t\t<svg class=\"rh_svg\" version=\"1.1\" xmlns=\"http:\/\/www.w3.org\/2000\/svg\" xmlns:xlink=\"http:\/\/www.w3.org\/1999\/xlink\" x=\"0px\" y=\"0px\"\n\t width=\"24px\" height=\"24px\" viewBox=\"0 0 24 24\" enable-background=\"new 0 0 24 24\" xml:space=\"preserve\">\n<g>\n\t<circle cx=\"2\" cy=\"2\" r=\"2\"\/>\n<\/g>\n<g>\n\t<circle cx=\"2\" cy=\"22\" r=\"2\"\/>\n<\/g>\n<g>\n\t<circle cx=\"22\" cy=\"2\" r=\"2\"\/>\n<\/g>\n<rect x=\"1\" y=\"1\" width=\"2\" height=\"22\"\/>\n<rect x=\"1\" y=\"1\" width=\"22\" height=\"2\"\/>\n<path opacity=\"0.5\" d=\"M23,20.277V1h-2v19.277C20.7,20.452,20.452,20.7,20.277,21H1v2h19.277c0.347,0.596,0.984,1,1.723,1\n\tc1.104,0,2-0.896,2-2C24,21.262,23.596,20.624,23,20.277z\"\/>\n<\/svg>\n                    <span class=\"figure\">\n                        144                    <\/span>\n\t\t\t\t\t                            <span class=\"label\">m2<\/span>\n\t\t\t\t\t\t\t                <\/div>\n            <\/div>\n\t\t\t    <\/div>\n\t            <\/div><!-- \/.rh_prop_card__meta_wrap -->\n\n\t\t\t                <div class=\"rh_prop_card__priceLabel\">\n                    <span class=\"rh_prop_card__status\">Rynek Pierwotny<\/span>\n                    <p class=\"rh_prop_card__price\">\n\t\t\t\t\t\t \u20ac415.000                     <\/p>\n                <\/div>\n                <!-- \/.rh_prop_card__priceLabel -->\n\t\t\t        <\/div>\n        <!-- \/.rh_prop_card__details -->\n\n    <\/div>\n    <!-- \/.rh_prop_card__wrap -->\n\n<\/article><!-- \/.rh_prop_card --><article class=\"rh_prop_card rh_prop_card--listing\">\n    <div class=\"rh_prop_card__wrap\">\n\t\t            <div class=\"rh_label rh_label__property_grid\">\n                <div class=\"rh_label__wrap\">\n\t\t\t\t\tFeatured                    <span><\/span>\n                <\/div>\n            <\/div><!-- \/.rh_label -->\n\t\t\n        <figure class=\"rh_prop_card__thumbnail\">\n            <div class=\"rh_figure_property_one\">\n                <a href=\"https:\/\/www.ro-spain.com\/pl\/property\/wolnostojace-wille-w-los-alcazares-murcia\/\">\n\t\t\t\t\t<img loading=\"lazy\" decoding=\"async\" width=\"680\" height=\"510\" src=\"https:\/\/www.ro-spain.com\/wp-content\/uploads\/2023\/12\/3-4-680x510.jpg\" class=\"attachment-modern-property-child-slider size-modern-property-child-slider wp-post-image\" alt=\"\" \/>                <\/a>\n\n                <div class=\"rh_overlay\"><\/div>\n                <div class=\"rh_overlay__contents rh_overlay__fadeIn-bottom\">\n                    <a href=\"https:\/\/www.ro-spain.com\/pl\/property\/wolnostojace-wille-w-los-alcazares-murcia\/\">View Property<\/a>\n                <\/div>\n                <!-- \/.rh_overlay__contents -->\n\n\t\t\t\t            <\/div>\n\n            <!-- Property views counter -->\n\t        \n            <div class=\"rh_prop_card__btns\">\n\t\t\t\t                    <span class=\"favorite-btn-wrap favorite-btn-106757\">\n\t\t\t\t\t\t\t<span class=\"favorite-placeholder highlight__red hide user_not_logged_in\" data-propertyid=\"106757\"  data-tooltip=\"Added to favorites\" >\n\t\t\t\t\t\t\t\t<svg xmlns=\"http:\/\/www.w3.org\/2000\/svg\" width=\"24\" height=\"24\" viewBox=\"0 0 24 21\">\n  <path class=\"rh_svg\" d=\"M1089.48,1923.98a6.746,6.746,0,0,1,9.54,9.54L1089,1943l-10.02-9.48a6.746,6.746,0,0,1,9.54-9.54A0.641,0.641,0,0,0,1089.48,1923.98Z\" transform=\"translate(-1077 -1922)\"\/>\n<\/svg>\t\t\t\t\t\t\t<\/span>\n\t\t\t\t\t\t\t<a href=\"#\" class=\"favorite add-to-favorite user_not_logged_in\" data-propertyid=\"106757\"  data-tooltip=\"Add to favorites\" >\n\t\t\t\t\t\t\t\t<svg xmlns=\"http:\/\/www.w3.org\/2000\/svg\" width=\"24\" height=\"24\" viewBox=\"0 0 24 21\">\n  <path class=\"rh_svg\" d=\"M1089.48,1923.98a6.746,6.746,0,0,1,9.54,9.54L1089,1943l-10.02-9.48a6.746,6.746,0,0,1,9.54-9.54A0.641,0.641,0,0,0,1089.48,1923.98Z\" transform=\"translate(-1077 -1922)\"\/>\n<\/svg>\t\t\t\t\t\t\t<\/a>\n\t\t\t\t\t\t<\/span>\n\t\t\t\t\t            <\/div>\n            <!-- \/.rh_prop_card__btns -->\n        <\/figure>\n        <!-- \/.rh_prop_card__thumbnail -->\n\n        <div class=\"rh_prop_card__details\">\n            <h3><a href=\"https:\/\/www.ro-spain.com\/pl\/property\/wolnostojace-wille-w-los-alcazares-murcia\/\">Wolnostoj\u0105ce wille w Los Alcazares, Murcia\u00a0<\/a><\/h3>\n\t\t\t            <p class=\"rh_prop_card__excerpt\">Pi\u0119kne&hellip;<\/p>\n            <div class=\"rh_prop_card__meta_wrap\">\n\t\t\t\t    <div class=\"rh_prop_card_meta_theme_stylish\">\n\t\t            <div class=\"rh_prop_card__meta\">\n\t\t\t\t                    <span class=\"rh_meta_titles\">Sypialnie<\/span>\n\t\t\t\t\t                <div class=\"rh_meta_icon_wrapper\">\n\t\t\t\t\t<svg class=\"rh_svg\" xmlns=\"http:\/\/www.w3.org\/2000\/svg\" width=\"24\" height=\"24\" viewBox=\"0 0 24 24\">\n <defs>\n  <\/defs>\n  <path d=\"M1111.91,600.993h16.17a2.635,2.635,0,0,1,2.68,1.773l1.21,11.358a2.456,2.456,0,0,1-2.61,2.875h-18.73a2.46,2.46,0,0,1-2.61-2.875l1.21-11.358A2.635,2.635,0,0,1,1111.91,600.993Zm0.66-7.994h3.86c1.09,0,2.57.135,2.57,1l0.01,3.463c0.14,0.838-1.72,1.539-2.93,1.539h-4.17c-1.21,0-2.07-.7-1.92-1.539l0.37-3.139A2.146,2.146,0,0,1,1112.57,593Zm11,0h3.86a2.123,2.123,0,0,1,2.2,1.325l0.38,3.139c0.14,0.838-.72,1.539-1.93,1.539h-5.17c-1.21,0-2.07-.7-1.92-1.539L1121,594C1121,593.1,1122.48,593,1123.57,593Z\" transform=\"translate(-1108 -593)\"\/>\n<\/svg>\n                    <span class=\"figure\">\n                        3                    <\/span>\n\t\t\t\t\t                <\/div>\n            <\/div>\n\t\t\t            <div class=\"rh_prop_card__meta\">\n\t\t\t\t                    <span class=\"rh_meta_titles\">\u0141azienki<\/span>\n\t\t\t\t\t                <div class=\"rh_meta_icon_wrapper\">\n\t\t\t\t\t<svg class=\"rh_svg\" xmlns=\"http:\/\/www.w3.org\/2000\/svg\" width=\"23.69\" height=\"24\" viewBox=\"0 0 23.69 24\">\n  <path d=\"M1204,601a8,8,0,0,1,16,0v16h-2V601a6,6,0,0,0-12,0v1h-2v-1Zm7,6a6,6,0,0,0-12,0h12Zm-6,2a1,1,0,0,1,1,1v1a1,1,0,0,1-2,0v-1A1,1,0,0,1,1205,609Zm0,5a1,1,0,0,1,1,1v1a1,1,0,0,1-2,0v-1A1,1,0,0,1,1205,614Zm4.94-5.343a1,1,0,0,1,1.28.6l0.69,0.878a1,1,0,0,1-1.88.685l-0.69-.879A1,1,0,0,1,1209.94,608.657Zm2.05,4.638a1,1,0,0,1,1.28.6l0.35,0.94a1.008,1.008,0,0,1-.6,1.282,1,1,0,0,1-1.28-.6l-0.35-.939A1.008,1.008,0,0,1,1211.99,613.295Zm-11.93-4.638a1,1,0,0,1,.6,1.282l-0.69.879a1,1,0,1,1-1.87-.682l0.68-.88A1,1,0,0,1,1200.06,608.657Zm-2.05,4.639a1,1,0,0,1,.6,1.281l-0.34.941a1,1,0,0,1-1.88-.683l0.34-.94A1,1,0,0,1,1198.01,613.3Z\" transform=\"translate(-1196.31 -593)\"\/>\n<\/svg>\n                    <span class=\"figure\">\n                        2                    <\/span>\n\t\t\t\t\t                <\/div>\n            <\/div>\n\t\t\t            <div class=\"rh_prop_card__meta\">\n\t\t\t\t                    <span class=\"rh_meta_titles\">Powierzchnia<\/span>\n\t\t\t\t\t                <div class=\"rh_meta_icon_wrapper\">\n\t\t\t\t\t<svg class=\"rh_svg\" version=\"1.1\" xmlns=\"http:\/\/www.w3.org\/2000\/svg\" xmlns:xlink=\"http:\/\/www.w3.org\/1999\/xlink\" x=\"0px\" y=\"0px\"\n\t width=\"24px\" height=\"24px\" viewBox=\"0 0 24 24\" enable-background=\"new 0 0 24 24\" xml:space=\"preserve\">\n<g>\n\t<circle cx=\"2\" cy=\"2\" r=\"2\"\/>\n<\/g>\n<g>\n\t<circle cx=\"2\" cy=\"22\" r=\"2\"\/>\n<\/g>\n<g>\n\t<circle cx=\"22\" cy=\"2\" r=\"2\"\/>\n<\/g>\n<rect x=\"1\" y=\"1\" width=\"2\" height=\"22\"\/>\n<rect x=\"1\" y=\"1\" width=\"22\" height=\"2\"\/>\n<path opacity=\"0.5\" d=\"M23,20.277V1h-2v19.277C20.7,20.452,20.452,20.7,20.277,21H1v2h19.277c0.347,0.596,0.984,1,1.723,1\n\tc1.104,0,2-0.896,2-2C24,21.262,23.596,20.624,23,20.277z\"\/>\n<\/svg>\n                    <span class=\"figure\">\n                        103                    <\/span>\n\t\t\t\t\t                            <span class=\"label\">m2<\/span>\n\t\t\t\t\t\t\t                <\/div>\n            <\/div>\n\t\t\t    <\/div>\n\t            <\/div><!-- \/.rh_prop_card__meta_wrap -->\n\n\t\t\t                <div class=\"rh_prop_card__priceLabel\">\n                    <span class=\"rh_prop_card__status\">Rynek Pierwotny<\/span>\n                    <p class=\"rh_prop_card__price\">\n\t\t\t\t\t\t \u20ac419.900                     <\/p>\n                <\/div>\n                <!-- \/.rh_prop_card__priceLabel -->\n\t\t\t        <\/div>\n        <!-- \/.rh_prop_card__details -->\n\n    <\/div>\n    <!-- \/.rh_prop_card__wrap -->\n\n<\/article><!-- \/.rh_prop_card --><article class=\"rh_prop_card rh_prop_card--listing\">\n    <div class=\"rh_prop_card__wrap\">\n\t\t            <div class=\"rh_label rh_label__property_grid\">\n                <div class=\"rh_label__wrap\">\n\t\t\t\t\tFeatured                    <span><\/span>\n                <\/div>\n            <\/div><!-- \/.rh_label -->\n\t\t\n        <figure class=\"rh_prop_card__thumbnail\">\n            <div class=\"rh_figure_property_one\">\n                <a href=\"https:\/\/www.ro-spain.com\/pl\/property\/ekskluzywne-apartamenty-z-widokiem-na-morze-i-gory-w-finestrat\/\">\n\t\t\t\t\t<img loading=\"lazy\" decoding=\"async\" width=\"680\" height=\"510\" src=\"https:\/\/www.ro-spain.com\/wp-content\/uploads\/2023\/12\/5-4-680x510.jpg\" class=\"attachment-modern-property-child-slider size-modern-property-child-slider wp-post-image\" alt=\"\" \/>                <\/a>\n\n                <div class=\"rh_overlay\"><\/div>\n                <div class=\"rh_overlay__contents rh_overlay__fadeIn-bottom\">\n                    <a href=\"https:\/\/www.ro-spain.com\/pl\/property\/ekskluzywne-apartamenty-z-widokiem-na-morze-i-gory-w-finestrat\/\">View Property<\/a>\n                <\/div>\n                <!-- \/.rh_overlay__contents -->\n\n\t\t\t\t            <\/div>\n\n            <!-- Property views counter -->\n\t        \n            <div class=\"rh_prop_card__btns\">\n\t\t\t\t                    <span class=\"favorite-btn-wrap favorite-btn-106751\">\n\t\t\t\t\t\t\t<span class=\"favorite-placeholder highlight__red hide user_not_logged_in\" data-propertyid=\"106751\"  data-tooltip=\"Added to favorites\" >\n\t\t\t\t\t\t\t\t<svg xmlns=\"http:\/\/www.w3.org\/2000\/svg\" width=\"24\" height=\"24\" viewBox=\"0 0 24 21\">\n  <path class=\"rh_svg\" d=\"M1089.48,1923.98a6.746,6.746,0,0,1,9.54,9.54L1089,1943l-10.02-9.48a6.746,6.746,0,0,1,9.54-9.54A0.641,0.641,0,0,0,1089.48,1923.98Z\" transform=\"translate(-1077 -1922)\"\/>\n<\/svg>\t\t\t\t\t\t\t<\/span>\n\t\t\t\t\t\t\t<a href=\"#\" class=\"favorite add-to-favorite user_not_logged_in\" data-propertyid=\"106751\"  data-tooltip=\"Add to favorites\" >\n\t\t\t\t\t\t\t\t<svg xmlns=\"http:\/\/www.w3.org\/2000\/svg\" width=\"24\" height=\"24\" viewBox=\"0 0 24 21\">\n  <path class=\"rh_svg\" d=\"M1089.48,1923.98a6.746,6.746,0,0,1,9.54,9.54L1089,1943l-10.02-9.48a6.746,6.746,0,0,1,9.54-9.54A0.641,0.641,0,0,0,1089.48,1923.98Z\" transform=\"translate(-1077 -1922)\"\/>\n<\/svg>\t\t\t\t\t\t\t<\/a>\n\t\t\t\t\t\t<\/span>\n\t\t\t\t\t            <\/div>\n            <!-- \/.rh_prop_card__btns -->\n        <\/figure>\n        <!-- \/.rh_prop_card__thumbnail -->\n\n        <div class=\"rh_prop_card__details\">\n            <h3><a href=\"https:\/\/www.ro-spain.com\/pl\/property\/ekskluzywne-apartamenty-z-widokiem-na-morze-i-gory-w-finestrat\/\">Ekskluzywne apartamenty z widokiem na morze i g\u00f3ry w Finestrat\u00a0<\/a><\/h3>\n\t\t\t            <p class=\"rh_prop_card__excerpt\">Ekskluzywne&hellip;<\/p>\n            <div class=\"rh_prop_card__meta_wrap\">\n\t\t\t\t    <div class=\"rh_prop_card_meta_theme_stylish\">\n\t\t            <div class=\"rh_prop_card__meta\">\n\t\t\t\t                    <span class=\"rh_meta_titles\">Sypialnie<\/span>\n\t\t\t\t\t                <div class=\"rh_meta_icon_wrapper\">\n\t\t\t\t\t<svg class=\"rh_svg\" xmlns=\"http:\/\/www.w3.org\/2000\/svg\" width=\"24\" height=\"24\" viewBox=\"0 0 24 24\">\n <defs>\n  <\/defs>\n  <path d=\"M1111.91,600.993h16.17a2.635,2.635,0,0,1,2.68,1.773l1.21,11.358a2.456,2.456,0,0,1-2.61,2.875h-18.73a2.46,2.46,0,0,1-2.61-2.875l1.21-11.358A2.635,2.635,0,0,1,1111.91,600.993Zm0.66-7.994h3.86c1.09,0,2.57.135,2.57,1l0.01,3.463c0.14,0.838-1.72,1.539-2.93,1.539h-4.17c-1.21,0-2.07-.7-1.92-1.539l0.37-3.139A2.146,2.146,0,0,1,1112.57,593Zm11,0h3.86a2.123,2.123,0,0,1,2.2,1.325l0.38,3.139c0.14,0.838-.72,1.539-1.93,1.539h-5.17c-1.21,0-2.07-.7-1.92-1.539L1121,594C1121,593.1,1122.48,593,1123.57,593Z\" transform=\"translate(-1108 -593)\"\/>\n<\/svg>\n                    <span class=\"figure\">\n                        2                    <\/span>\n\t\t\t\t\t                <\/div>\n            <\/div>\n\t\t\t            <div class=\"rh_prop_card__meta\">\n\t\t\t\t                    <span class=\"rh_meta_titles\">\u0141azienki<\/span>\n\t\t\t\t\t                <div class=\"rh_meta_icon_wrapper\">\n\t\t\t\t\t<svg class=\"rh_svg\" xmlns=\"http:\/\/www.w3.org\/2000\/svg\" width=\"23.69\" height=\"24\" viewBox=\"0 0 23.69 24\">\n  <path d=\"M1204,601a8,8,0,0,1,16,0v16h-2V601a6,6,0,0,0-12,0v1h-2v-1Zm7,6a6,6,0,0,0-12,0h12Zm-6,2a1,1,0,0,1,1,1v1a1,1,0,0,1-2,0v-1A1,1,0,0,1,1205,609Zm0,5a1,1,0,0,1,1,1v1a1,1,0,0,1-2,0v-1A1,1,0,0,1,1205,614Zm4.94-5.343a1,1,0,0,1,1.28.6l0.69,0.878a1,1,0,0,1-1.88.685l-0.69-.879A1,1,0,0,1,1209.94,608.657Zm2.05,4.638a1,1,0,0,1,1.28.6l0.35,0.94a1.008,1.008,0,0,1-.6,1.282,1,1,0,0,1-1.28-.6l-0.35-.939A1.008,1.008,0,0,1,1211.99,613.295Zm-11.93-4.638a1,1,0,0,1,.6,1.282l-0.69.879a1,1,0,1,1-1.87-.682l0.68-.88A1,1,0,0,1,1200.06,608.657Zm-2.05,4.639a1,1,0,0,1,.6,1.281l-0.34.941a1,1,0,0,1-1.88-.683l0.34-.94A1,1,0,0,1,1198.01,613.3Z\" transform=\"translate(-1196.31 -593)\"\/>\n<\/svg>\n                    <span class=\"figure\">\n                        2                    <\/span>\n\t\t\t\t\t                <\/div>\n            <\/div>\n\t\t\t            <div class=\"rh_prop_card__meta\">\n\t\t\t\t                    <span class=\"rh_meta_titles\">Powierzchnia<\/span>\n\t\t\t\t\t                <div class=\"rh_meta_icon_wrapper\">\n\t\t\t\t\t<svg class=\"rh_svg\" version=\"1.1\" xmlns=\"http:\/\/www.w3.org\/2000\/svg\" xmlns:xlink=\"http:\/\/www.w3.org\/1999\/xlink\" x=\"0px\" y=\"0px\"\n\t width=\"24px\" height=\"24px\" viewBox=\"0 0 24 24\" enable-background=\"new 0 0 24 24\" xml:space=\"preserve\">\n<g>\n\t<circle cx=\"2\" cy=\"2\" r=\"2\"\/>\n<\/g>\n<g>\n\t<circle cx=\"2\" cy=\"22\" r=\"2\"\/>\n<\/g>\n<g>\n\t<circle cx=\"22\" cy=\"2\" r=\"2\"\/>\n<\/g>\n<rect x=\"1\" y=\"1\" width=\"2\" height=\"22\"\/>\n<rect x=\"1\" y=\"1\" width=\"22\" height=\"2\"\/>\n<path opacity=\"0.5\" d=\"M23,20.277V1h-2v19.277C20.7,20.452,20.452,20.7,20.277,21H1v2h19.277c0.347,0.596,0.984,1,1.723,1\n\tc1.104,0,2-0.896,2-2C24,21.262,23.596,20.624,23,20.277z\"\/>\n<\/svg>\n                    <span class=\"figure\">\n                        221                    <\/span>\n\t\t\t\t\t                            <span class=\"label\">m2<\/span>\n\t\t\t\t\t\t\t                <\/div>\n            <\/div>\n\t\t\t    <\/div>\n\t            <\/div><!-- \/.rh_prop_card__meta_wrap -->\n\n\t\t\t                <div class=\"rh_prop_card__priceLabel\">\n                    <span class=\"rh_prop_card__status\">Rynek Pierwotny<\/span>\n                    <p class=\"rh_prop_card__price\">\n\t\t\t\t\t\t \u20ac446.300                     <\/p>\n                <\/div>\n                <!-- \/.rh_prop_card__priceLabel -->\n\t\t\t        <\/div>\n        <!-- \/.rh_prop_card__details -->\n\n    <\/div>\n    <!-- \/.rh_prop_card__wrap -->\n\n<\/article><!-- \/.rh_prop_card --><\/div><\/div><div class='ere_pagination_wrapper'><div class='pagination ere-pagination-clean'><a href='https:\/\/www.ro-spain.com\/pl\/wp-json\/wp\/v2\/pages\/7219\/' class='real-btn current' >1<\/a> <a href='https:\/\/www.ro-spain.com\/pl\/wp-json\/wp\/v2\/pages\/7219\/page\/2\/' class='real-btn' >2<\/a> <\/div><\/div><\/div><\/div>[\/vc_column][\/vc_row]<\/p>\n<\/div>","protected":false},"excerpt":{"rendered":"<p>[vc_row][vc_column css_animation=&#8221;none&#8221;][vc_column_text]Torrevieja (czyt.Torewiecha) to nadmorska miejscowo\u015b\u0107 po\u0142o\u017cona nad Morzem \u015ar\u00f3dziemnym, 40 minut od Alicante. Torrevieja oznacza dos\u0142ownie \u201estar\u0105 wie\u017c\u0119\u201d. Miasto ma ponad 200 000 mieszka\u0144c\u00f3w. Ale w sezonie mo\u017ce by\u0107 nawet pi\u0119\u0107 razy wi\u0119cej. Najwa\u017cniejszym \u017ar\u00f3d\u0142em dochod\u00f3w dla Torrevieja by\u0142a kiedy\u015b produkcja soli z Salinas w Torrevieja. Obecnie jest to turystyka. To bardzo popularne miejsce&#8230;<\/p>\n","protected":false},"author":1,"featured_media":0,"parent":7198,"menu_order":0,"comment_status":"closed","ping_status":"closed","template":"","meta":{"footnotes":""},"class_list":["post-7219","page","type-page","status-publish","hentry"],"aioseo_notices":[],"_links":{"self":[{"href":"https:\/\/www.ro-spain.com\/pl\/wp-json\/wp\/v2\/pages\/7219","targetHints":{"allow":["GET"]}}],"collection":[{"href":"https:\/\/www.ro-spain.com\/pl\/wp-json\/wp\/v2\/pages"}],"about":[{"href":"https:\/\/www.ro-spain.com\/pl\/wp-json\/wp\/v2\/types\/page"}],"author":[{"embeddable":true,"href":"https:\/\/www.ro-spain.com\/pl\/wp-json\/wp\/v2\/users\/1"}],"replies":[{"embeddable":true,"href":"https:\/\/www.ro-spain.com\/pl\/wp-json\/wp\/v2\/comments?post=7219"}],"version-history":[{"count":2,"href":"https:\/\/www.ro-spain.com\/pl\/wp-json\/wp\/v2\/pages\/7219\/revisions"}],"predecessor-version":[{"id":7221,"href":"https:\/\/www.ro-spain.com\/pl\/wp-json\/wp\/v2\/pages\/7219\/revisions\/7221"}],"up":[{"embeddable":true,"href":"https:\/\/www.ro-spain.com\/pl\/wp-json\/wp\/v2\/pages\/7198"}],"wp:attachment":[{"href":"https:\/\/www.ro-spain.com\/pl\/wp-json\/wp\/v2\/media?parent=7219"}],"curies":[{"name":"wp","href":"https:\/\/api.w.org\/{rel}","templated":true}]}}